{"id":2030,"date":"2025-01-10T19:48:10","date_gmt":"2025-01-10T19:48:10","guid":{"rendered":"https:\/\/prosesakademi.net\/?page_id=2030"},"modified":"2025-01-13T18:28:45","modified_gmt":"2025-01-13T18:28:45","slug":"plakali-isi-degistiriciler","status":"publish","type":"page","link":"https:\/\/prosesakademi.net\/?page_id=2030","title":{"rendered":"Plakal\u0131 Is\u0131 De\u011fi\u015ftiriciler"},"content":{"rendered":"\t\t<div data-elementor-type=\"wp-page\" data-elementor-id=\"2030\" class=\"elementor elementor-2030\">\n\t\t\t\t\t\t<section class=\"elementor-section elementor-top-section elementor-element elementor-element-1d3a2faa elementor-section-content-middle elementor-section-boxed elementor-section-height-default elementor-section-height-default wpr-particle-no wpr-jarallax-no wpr-parallax-no wpr-sticky-section-no wpr-column-slider-no wpr-equal-height-no\" data-id=\"1d3a2faa\" data-element_type=\"section\" data-e-type=\"section\" data-settings=\"{&quot;background_background&quot;:&quot;classic&quot;}\">\n\t\t\t\t\t\t\t<div class=\"elementor-background-overlay\"><\/div>\n\t\t\t\t\t\t\t<div class=\"elementor-container elementor-column-gap-default\">\n\t\t\t\t\t<div class=\"elementor-column elementor-col-100 elementor-top-column elementor-element elementor-element-1360621d\" data-id=\"1360621d\" data-element_type=\"column\" data-e-type=\"column\">\n\t\t\t<div class=\"elementor-widget-wrap\">\n\t\t\t\t\t\t\t<\/div>\n\t\t<\/div>\n\t\t\t\t\t<\/div>\n\t\t<\/section>\n\t\t<div class=\"elementor-element elementor-element-670c167 e-flex e-con-boxed wpr-particle-no wpr-jarallax-no wpr-parallax-no wpr-sticky-section-no wpr-column-slider-no wpr-equal-height-no e-con e-parent\" data-id=\"670c167\" data-element_type=\"container\" data-e-type=\"container\">\n\t\t\t\t\t<div class=\"e-con-inner\">\n\t\t\t\t<div class=\"elementor-element elementor-element-37281ba elementor-widget elementor-widget-heading\" data-id=\"37281ba\" data-element_type=\"widget\" data-e-type=\"widget\" data-widget_type=\"heading.default\">\n\t\t\t\t<div class=\"elementor-widget-container\">\n\t\t\t\t\t<h2 class=\"elementor-heading-title elementor-size-default\">Plakal\u0131 Is\u0131 De\u011fi\u015ftiriciler<\/h2>\t\t\t\t<\/div>\n\t\t\t\t<\/div>\n\t\t\t\t\t<\/div>\n\t\t\t\t<\/div>\n\t\t<div class=\"elementor-element elementor-element-168c492 e-flex e-con-boxed wpr-particle-no wpr-jarallax-no wpr-parallax-no wpr-sticky-section-no wpr-column-slider-no wpr-equal-height-no e-con e-parent\" data-id=\"168c492\" data-element_type=\"container\" data-e-type=\"container\">\n\t\t\t\t\t<div class=\"e-con-inner\">\n\t\t<div class=\"elementor-element elementor-element-0b9d937 e-con-full e-flex wpr-particle-no wpr-jarallax-no wpr-parallax-no wpr-sticky-section-no wpr-column-slider-no wpr-equal-height-no e-con e-child\" data-id=\"0b9d937\" data-element_type=\"container\" data-e-type=\"container\">\n\t\t<div class=\"elementor-element elementor-element-56ac243 e-con-full e-flex wpr-particle-no wpr-jarallax-no wpr-parallax-no wpr-sticky-section-no wpr-column-slider-no wpr-equal-height-no e-con e-child\" data-id=\"56ac243\" data-element_type=\"container\" data-e-type=\"container\">\n\t\t\t\t<div class=\"elementor-element elementor-element-d01999c elementor-widget elementor-widget-text-editor\" data-id=\"d01999c\" data-element_type=\"widget\" data-e-type=\"widget\" data-widget_type=\"text-editor.default\">\n\t\t\t\t<div class=\"elementor-widget-container\">\n\t\t\t\t\t\t\t\t\t<p>Plakal\u0131 e\u015fanj\u00f6rler, iki farkl\u0131 ak\u0131\u015fkan aras\u0131nda \u0131s\u0131 transferini sa\u011flamak i\u00e7in kullan\u0131lan bir t\u00fcr \u0131s\u0131 de\u011fi\u015ftiricisidir. Bu cihazlar, ince metal plakalarla tasarlanm\u0131\u015ft\u0131r ve kompakt yap\u0131lar\u0131yla enerji verimlili\u011fini art\u0131r\u0131r. Plakal\u0131 e\u015fanj\u00f6rler genellikle \u0131s\u0131tma, so\u011futma ve s\u0131v\u0131-s\u0131v\u0131 \u0131s\u0131 transferi uygulamalar\u0131nda kullan\u0131l\u0131r.<\/p>\t\t\t\t\t\t\t\t<\/div>\n\t\t\t\t<\/div>\n\t\t\t\t<\/div>\n\t\t\t\t<div class=\"elementor-element elementor-element-52c247c elementor-widget elementor-widget-heading\" data-id=\"52c247c\" data-element_type=\"widget\" data-e-type=\"widget\" data-widget_type=\"heading.default\">\n\t\t\t\t<div class=\"elementor-widget-container\">\n\t\t\t\t\t<h2 class=\"elementor-heading-title elementor-size-default\">Plakal\u0131 e\u015fanj\u00f6rlerin yap\u0131s\u0131<\/h2>\t\t\t\t<\/div>\n\t\t\t\t<\/div>\n\t\t\t\t<div class=\"elementor-element elementor-element-39e1b25 elementor-icon-list--layout-traditional elementor-list-item-link-full_width elementor-widget elementor-widget-icon-list\" data-id=\"39e1b25\" data-element_type=\"widget\" data-e-type=\"widget\" data-widget_type=\"icon-list.default\">\n\t\t\t\t<div class=\"elementor-widget-container\">\n\t\t\t\t\t\t\t<ul class=\"elementor-icon-list-items\">\n\t\t\t\t\t\t\t<li class=\"elementor-icon-list-item\">\n\t\t\t\t\t\t\t\t\t\t<span class=\"elementor-icon-list-text\">\u2022 Plakalar: Is\u0131 transferini sa\u011flayan metal levhalard\u0131r (genellikle paslanmaz \u00e7elik, titanyum gibi malzemelerden yap\u0131l\u0131r). Plakalar\u0131n y\u00fczeyi genellikle dalgal\u0131d\u0131r ve bu, \u0131s\u0131 transfer y\u00fczeyini art\u0131r\u0131r<\/span>\n\t\t\t\t\t\t\t\t\t<\/li>\n\t\t\t\t\t\t\t\t<li class=\"elementor-icon-list-item\">\n\t\t\t\t\t\t\t\t\t\t<span class=\"elementor-icon-list-text\">\u2022 Conta (Gasket): Ak\u0131\u015fkanlar\u0131n s\u0131zmas\u0131n\u0131 \u00f6nler ve ak\u0131\u015fkanlar\u0131n plakalar aras\u0131nda do\u011fru \u015fekilde y\u00f6nlendirilmesini sa\u011flar.<\/span>\n\t\t\t\t\t\t\t\t\t<\/li>\n\t\t\t\t\t\t\t\t<li class=\"elementor-icon-list-item\">\n\t\t\t\t\t\t\t\t\t\t<span class=\"elementor-icon-list-text\">\u2022 \u00c7er\u00e7eve: Plakalar\u0131 tutan ve s\u0131k\u0131\u015ft\u0131ran yap\u0131.<\/span>\n\t\t\t\t\t\t\t\t\t<\/li>\n\t\t\t\t\t\t<\/ul>\n\t\t\t\t\t\t<\/div>\n\t\t\t\t<\/div>\n\t\t\t\t<\/div>\n\t\t<div class=\"elementor-element elementor-element-2d053fe e-con-full e-flex wpr-particle-no wpr-jarallax-no wpr-parallax-no wpr-sticky-section-no wpr-column-slider-no wpr-equal-height-no e-con e-child\" data-id=\"2d053fe\" data-element_type=\"container\" data-e-type=\"container\">\n\t\t\t\t<div class=\"elementor-element elementor-element-f5f30a3 elementor-widget elementor-widget-heading\" data-id=\"f5f30a3\" data-element_type=\"widget\" data-e-type=\"widget\" data-widget_type=\"heading.default\">\n\t\t\t\t<div class=\"elementor-widget-container\">\n\t\t\t\t\t<h2 class=\"elementor-heading-title elementor-size-default\"><div><span style=\"color: var( --e-global-color-primary );font-family: var( --e-global-typography-primary-font-family ), Sans-serif;font-size: 2rem;font-weight: var( --e-global-typography-primary-font-weight );text-align: var(--text-align)\"><\/span><\/div><\/h2>\t\t\t\t<\/div>\n\t\t\t\t<\/div>\n\t\t\t\t<\/div>\n\t\t\t\t\t<\/div>\n\t\t\t\t<\/div>\n\t\t<div class=\"elementor-element elementor-element-846d998 e-flex e-con-boxed wpr-particle-no wpr-jarallax-no wpr-parallax-no wpr-sticky-section-no wpr-column-slider-no wpr-equal-height-no e-con e-parent\" data-id=\"846d998\" data-element_type=\"container\" data-e-type=\"container\">\n\t\t\t\t\t<div class=\"e-con-inner\">\n\t\t<div class=\"elementor-element elementor-element-820c236 e-con-full e-flex wpr-particle-no wpr-jarallax-no wpr-parallax-no wpr-sticky-section-no wpr-column-slider-no wpr-equal-height-no e-con e-child\" data-id=\"820c236\" data-element_type=\"container\" data-e-type=\"container\">\n\t\t<div class=\"elementor-element elementor-element-505170a e-con-full e-flex wpr-particle-no wpr-jarallax-no wpr-parallax-no wpr-sticky-section-no wpr-column-slider-no wpr-equal-height-no e-con e-child\" data-id=\"505170a\" data-element_type=\"container\" data-e-type=\"container\">\n\t\t\t\t<div class=\"elementor-element elementor-element-42a65a6 elementor-widget elementor-widget-heading\" data-id=\"42a65a6\" data-element_type=\"widget\" data-e-type=\"widget\" data-widget_type=\"heading.default\">\n\t\t\t\t<div class=\"elementor-widget-container\">\n\t\t\t\t\t<h2 class=\"elementor-heading-title elementor-size-default\">\u00c7al\u0131\u015fma prensibi<\/h2>\t\t\t\t<\/div>\n\t\t\t\t<\/div>\n\t\t\t\t<div class=\"elementor-element elementor-element-249f47e elementor-widget elementor-widget-text-editor\" data-id=\"249f47e\" data-element_type=\"widget\" data-e-type=\"widget\" data-widget_type=\"text-editor.default\">\n\t\t\t\t<div class=\"elementor-widget-container\">\n\t\t\t\t\t\t\t\t\t<p>1.Ak\u0131\u015fkanlar\u0131n Giri\u015f ve \u00c7\u0131k\u0131\u015f\u0131: S\u0131cak ve so\u011fuk ak\u0131\u015fkanlar, e\u015fanj\u00f6r\u00fcn giri\u015f ve \u00e7\u0131k\u0131\u015f noktalar\u0131ndan plakalar aras\u0131na y\u00f6nlendirilir. Bu ak\u0131\u015fkanlar, birbirine temas etmeden plakalar\u0131n farkl\u0131 y\u00fczeylerinden akar.<\/p><p>2.Is\u0131 Transferi:<br \/>\u2022Plakalar\u0131n bir y\u00fczeyinden s\u0131cak ak\u0131\u015fkan, di\u011fer y\u00fczeyinden so\u011fuk ak\u0131\u015fkan ge\u00e7er.<br \/>\u2022S\u0131cak ak\u0131\u015fkan, enerjisini plakalar \u00fczerinden so\u011fuk ak\u0131\u015fkana aktar\u0131r.<br \/>\u2022Plakalar, y\u00fcksek \u0131s\u0131 iletkenli\u011fine sahip oldu\u011fu i\u00e7in bu enerji transferi h\u0131zl\u0131 ve verimli ger\u00e7ekle\u015fir.<\/p><p>3.Ak\u0131\u015f D\u00fczeni: Ak\u0131\u015f d\u00fczeni genellikle ters ak\u0131\u015fl\u0131 veya paralel ak\u0131\u015fl\u0131 olabilir:<br \/>\u2022Ters Ak\u0131\u015fl\u0131: Ak\u0131\u015fkanlar z\u0131t y\u00f6nlerde akar. Bu, daha verimli bir \u0131s\u0131 transferi sa\u011flar.<br \/>\u2022Paralel Ak\u0131\u015fl\u0131: Ak\u0131\u015fkanlar ayn\u0131 y\u00f6nde hareket eder.<\/p><p>4.Is\u0131n\u0131n Transfer Edilmesi:<br \/>\u2022Plaka y\u00fczeyindeki t\u00fcrb\u00fclans, \u0131s\u0131 transferini art\u0131r\u0131r ve e\u015fanj\u00f6r\u00fcn verimlili\u011fini maksimize eder.<br \/>\u2022Bu \u015fekilde s\u0131cak ak\u0131\u015fkan so\u011fur, so\u011fuk ak\u0131\u015fkan ise \u0131s\u0131n\u0131r.<\/p>\t\t\t\t\t\t\t\t<\/div>\n\t\t\t\t<\/div>\n\t\t\t\t<\/div>\n\t\t\t\t<\/div>\n\t\t<div class=\"elementor-element elementor-element-22f1f6c e-con-full e-flex wpr-particle-no wpr-jarallax-no wpr-parallax-no wpr-sticky-section-no wpr-column-slider-no wpr-equal-height-no e-con e-child\" data-id=\"22f1f6c\" data-element_type=\"container\" data-e-type=\"container\">\n\t\t\t\t<div class=\"elementor-element elementor-element-cb2ad83 elementor-widget elementor-widget-image\" data-id=\"cb2ad83\" data-element_type=\"widget\" data-e-type=\"widget\" data-widget_type=\"image.default\">\n\t\t\t\t<div class=\"elementor-widget-container\">\n\t\t\t\t\t\t\t\t\t\t\t\t\t\t\t<img fetchpriority=\"high\" decoding=\"async\" width=\"347\" height=\"314\" src=\"https:\/\/prosesakademi.net\/wp-content\/uploads\/2025\/01\/image003.jpg\" class=\"attachment-large size-large wp-image-2156\" alt=\"\" srcset=\"https:\/\/prosesakademi.net\/wp-content\/uploads\/2025\/01\/image003.jpg 347w, https:\/\/prosesakademi.net\/wp-content\/uploads\/2025\/01\/image003-300x271.jpg 300w, https:\/\/prosesakademi.net\/wp-content\/uploads\/2025\/01\/image003-200x181.jpg 200w\" sizes=\"(max-width: 347px) 100vw, 347px\" \/>\t\t\t\t\t\t\t\t\t\t\t\t\t\t\t<\/div>\n\t\t\t\t<\/div>\n\t\t\t\t<\/div>\n\t\t\t\t\t<\/div>\n\t\t\t\t<\/div>\n\t\t\t\t<\/div>\n\t\t","protected":false},"excerpt":{"rendered":"<p>Plakal\u0131 Is\u0131 De\u011fi\u015ftiriciler Plakal\u0131 e\u015fanj\u00f6rler, iki farkl\u0131 ak\u0131\u015fkan aras\u0131nda \u0131s\u0131 transferini sa\u011flamak i\u00e7in kullan\u0131lan bir t\u00fcr \u0131s\u0131 de\u011fi\u015ftiricisidir. Bu cihazlar, ince metal plakalarla tasarlanm\u0131\u015ft\u0131r ve kompakt yap\u0131lar\u0131yla enerji verimlili\u011fini art\u0131r\u0131r. Plakal\u0131 e\u015fanj\u00f6rler genellikle \u0131s\u0131tma, so\u011futma ve s\u0131v\u0131-s\u0131v\u0131 \u0131s\u0131 transferi uygulamalar\u0131nda kullan\u0131l\u0131r. Plakal\u0131 e\u015fanj\u00f6rlerin yap\u0131s\u0131 \u2022 Plakalar: Is\u0131 transferini sa\u011flayan metal levhalard\u0131r (genellikle paslanmaz \u00e7elik, titanyum gibi malzemelerden yap\u0131l\u0131r). Plakalar\u0131n y\u00fczeyi genellikle dalgal\u0131d\u0131r ve bu, \u0131s\u0131 transfer y\u00fczeyini art\u0131r\u0131r \u2022 Conta (Gasket): Ak\u0131\u015fkanlar\u0131n s\u0131zmas\u0131n\u0131 \u00f6nler ve ak\u0131\u015fkanlar\u0131n plakalar aras\u0131nda do\u011fru \u015fekilde y\u00f6nlendirilmesini sa\u011flar. \u2022 \u00c7er\u00e7eve: Plakalar\u0131 tutan ve s\u0131k\u0131\u015ft\u0131ran yap\u0131. \u00c7al\u0131\u015fma prensibi 1.Ak\u0131\u015fkanlar\u0131n Giri\u015f ve \u00c7\u0131k\u0131\u015f\u0131: S\u0131cak ve so\u011fuk ak\u0131\u015fkanlar, e\u015fanj\u00f6r\u00fcn giri\u015f ve \u00e7\u0131k\u0131\u015f noktalar\u0131ndan plakalar aras\u0131na y\u00f6nlendirilir. Bu ak\u0131\u015fkanlar, birbirine temas etmeden plakalar\u0131n farkl\u0131 y\u00fczeylerinden akar. 2.Is\u0131 Transferi:\u2022Plakalar\u0131n bir y\u00fczeyinden s\u0131cak ak\u0131\u015fkan, di\u011fer y\u00fczeyinden so\u011fuk ak\u0131\u015fkan ge\u00e7er.\u2022S\u0131cak ak\u0131\u015fkan, enerjisini plakalar \u00fczerinden so\u011fuk ak\u0131\u015fkana aktar\u0131r.\u2022Plakalar, y\u00fcksek \u0131s\u0131 iletkenli\u011fine sahip oldu\u011fu i\u00e7in bu enerji transferi h\u0131zl\u0131 ve verimli ger\u00e7ekle\u015fir. 3.Ak\u0131\u015f D\u00fczeni: Ak\u0131\u015f d\u00fczeni genellikle ters ak\u0131\u015fl\u0131 veya paralel ak\u0131\u015fl\u0131 olabilir:\u2022Ters Ak\u0131\u015fl\u0131: Ak\u0131\u015fkanlar z\u0131t y\u00f6nlerde akar. Bu, daha verimli bir \u0131s\u0131 transferi sa\u011flar.\u2022Paralel Ak\u0131\u015fl\u0131: Ak\u0131\u015fkanlar ayn\u0131 y\u00f6nde hareket eder. 4.Is\u0131n\u0131n Transfer Edilmesi:\u2022Plaka y\u00fczeyindeki t\u00fcrb\u00fclans, \u0131s\u0131 transferini art\u0131r\u0131r ve e\u015fanj\u00f6r\u00fcn verimlili\u011fini maksimize eder.\u2022Bu \u015fekilde s\u0131cak ak\u0131\u015fkan so\u011fur, so\u011fuk ak\u0131\u015fkan ise \u0131s\u0131n\u0131r.<\/p>\n","protected":false},"author":1,"featured_media":2469,"parent":0,"menu_order":0,"comment_status":"closed","ping_status":"closed","template":"elementor_canvas","meta":{"footnotes":""},"class_list":["post-2030","page","type-page","status-publish","has-post-thumbnail","hentry"],"_links":{"self":[{"href":"https:\/\/prosesakademi.net\/index.php?rest_route=\/wp\/v2\/pages\/2030","targetHints":{"allow":["GET"]}}],"collection":[{"href":"https:\/\/prosesakademi.net\/index.php?rest_route=\/wp\/v2\/pages"}],"about":[{"href":"https:\/\/prosesakademi.net\/index.php?rest_route=\/wp\/v2\/types\/page"}],"author":[{"embeddable":true,"href":"https:\/\/prosesakademi.net\/index.php?rest_route=\/wp\/v2\/users\/1"}],"replies":[{"embeddable":true,"href":"https:\/\/prosesakademi.net\/index.php?rest_route=%2Fwp%2Fv2%2Fcomments&post=2030"}],"version-history":[{"count":0,"href":"https:\/\/prosesakademi.net\/index.php?rest_route=\/wp\/v2\/pages\/2030\/revisions"}],"wp:featuredmedia":[{"embeddable":true,"href":"https:\/\/prosesakademi.net\/index.php?rest_route=\/wp\/v2\/media\/2469"}],"wp:attachment":[{"href":"https:\/\/prosesakademi.net\/index.php?rest_route=%2Fwp%2Fv2%2Fmedia&parent=2030"}],"curies":[{"name":"wp","href":"https:\/\/api.w.org\/{rel}","templated":true}]}}