{"id":2222,"date":"2025-01-06T10:09:23","date_gmt":"2025-01-06T10:09:23","guid":{"rendered":"https:\/\/prosesakademi.net\/?page_id=2222"},"modified":"2025-01-14T07:54:09","modified_gmt":"2025-01-14T07:54:09","slug":"endustriyel-kazanlar","status":"publish","type":"page","link":"https:\/\/prosesakademi.net\/?page_id=2222","title":{"rendered":"End\u00fcstriyel Kazanlar"},"content":{"rendered":"\t\t<div data-elementor-type=\"wp-page\" data-elementor-id=\"2222\" class=\"elementor elementor-2222\">\n\t\t\t\t\t\t<section class=\"elementor-section elementor-top-section elementor-element elementor-element-1d3a2faa elementor-section-content-middle elementor-section-boxed elementor-section-height-default elementor-section-height-default wpr-particle-no wpr-jarallax-no wpr-parallax-no wpr-sticky-section-no wpr-column-slider-no wpr-equal-height-no\" data-id=\"1d3a2faa\" data-element_type=\"section\" data-e-type=\"section\" data-settings=\"{&quot;background_background&quot;:&quot;classic&quot;}\">\n\t\t\t\t\t\t\t<div class=\"elementor-background-overlay\"><\/div>\n\t\t\t\t\t\t\t<div class=\"elementor-container elementor-column-gap-default\">\n\t\t\t\t\t<div class=\"elementor-column elementor-col-100 elementor-top-column elementor-element elementor-element-1360621d\" data-id=\"1360621d\" data-element_type=\"column\" data-e-type=\"column\">\n\t\t\t<div class=\"elementor-widget-wrap\">\n\t\t\t\t\t\t\t<\/div>\n\t\t<\/div>\n\t\t\t\t\t<\/div>\n\t\t<\/section>\n\t\t<div class=\"elementor-element elementor-element-033cf92 e-flex e-con-boxed wpr-particle-no wpr-jarallax-no wpr-parallax-no wpr-sticky-section-no wpr-column-slider-no wpr-equal-height-no e-con e-parent\" data-id=\"033cf92\" data-element_type=\"container\" data-e-type=\"container\">\n\t\t\t\t\t<div class=\"e-con-inner\">\n\t\t\t\t<div class=\"elementor-element elementor-element-7751bfe elementor-widget elementor-widget-heading\" data-id=\"7751bfe\" data-element_type=\"widget\" data-e-type=\"widget\" data-widget_type=\"heading.default\">\n\t\t\t\t<div class=\"elementor-widget-container\">\n\t\t\t\t\t<h2 class=\"elementor-heading-title elementor-size-default\">End\u00fcstriyel Kazanlar<\/h2>\t\t\t\t<\/div>\n\t\t\t\t<\/div>\n\t\t\t\t\t<\/div>\n\t\t\t\t<\/div>\n\t\t<div class=\"elementor-element elementor-element-168c492 e-flex e-con-boxed wpr-particle-no wpr-jarallax-no wpr-parallax-no wpr-sticky-section-no wpr-column-slider-no wpr-equal-height-no e-con e-parent\" data-id=\"168c492\" data-element_type=\"container\" data-e-type=\"container\">\n\t\t\t\t\t<div class=\"e-con-inner\">\n\t\t<div class=\"elementor-element elementor-element-0b9d937 e-con-full e-flex wpr-particle-no wpr-jarallax-no wpr-parallax-no wpr-sticky-section-no wpr-column-slider-no wpr-equal-height-no e-con e-child\" data-id=\"0b9d937\" data-element_type=\"container\" data-e-type=\"container\">\n\t\t\t\t<div class=\"elementor-element elementor-element-39e1b25 elementor-icon-list--layout-traditional elementor-list-item-link-full_width elementor-widget elementor-widget-icon-list\" data-id=\"39e1b25\" data-element_type=\"widget\" data-e-type=\"widget\" data-widget_type=\"icon-list.default\">\n\t\t\t\t<div class=\"elementor-widget-container\">\n\t\t\t\t\t\t\t<ul class=\"elementor-icon-list-items\">\n\t\t\t\t\t\t\t<li class=\"elementor-icon-list-item\">\n\t\t\t\t\t\t\t\t\t\t<span class=\"elementor-icon-list-text\">\u2022 Buhar Kazan\u0131<\/span>\n\t\t\t\t\t\t\t\t\t<\/li>\n\t\t\t\t\t\t\t\t<li class=\"elementor-icon-list-item\">\n\t\t\t\t\t\t\t\t\t\t<span class=\"elementor-icon-list-text\">\u2022 K\u0131zg\u0131n Ya\u011f Kazan\u0131<\/span>\n\t\t\t\t\t\t\t\t\t<\/li>\n\t\t\t\t\t\t\t\t<li class=\"elementor-icon-list-item\">\n\t\t\t\t\t\t\t\t\t\t<span class=\"elementor-icon-list-text\">\u2022 S\u0131cak Su Kazan\u0131<\/span>\n\t\t\t\t\t\t\t\t\t<\/li>\n\t\t\t\t\t\t\t\t<li class=\"elementor-icon-list-item\">\n\t\t\t\t\t\t\t\t\t\t<span class=\"elementor-icon-list-text\">\u2022 Elektrikli Buhar Kazan\u0131<\/span>\n\t\t\t\t\t\t\t\t\t<\/li>\n\t\t\t\t\t\t\t\t<li class=\"elementor-icon-list-item\">\n\t\t\t\t\t\t\t\t\t\t<span class=\"elementor-icon-list-text\">\u2022 At\u0131k Is\u0131 Kazan\u0131<\/span>\n\t\t\t\t\t\t\t\t\t<\/li>\n\t\t\t\t\t\t<\/ul>\n\t\t\t\t\t\t<\/div>\n\t\t\t\t<\/div>\n\t\t\t\t<\/div>\n\t\t<div class=\"elementor-element elementor-element-2d053fe e-con-full e-flex wpr-particle-no wpr-jarallax-no wpr-parallax-no wpr-sticky-section-no wpr-column-slider-no wpr-equal-height-no e-con e-child\" data-id=\"2d053fe\" data-element_type=\"container\" data-e-type=\"container\">\n\t\t\t\t<div class=\"elementor-element elementor-element-5f848dd elementor-widget elementor-widget-image\" data-id=\"5f848dd\" data-element_type=\"widget\" data-e-type=\"widget\" data-widget_type=\"image.default\">\n\t\t\t\t<div class=\"elementor-widget-container\">\n\t\t\t\t\t\t\t\t\t\t\t\t\t\t\t<img fetchpriority=\"high\" decoding=\"async\" width=\"300\" height=\"300\" src=\"https:\/\/prosesakademi.net\/wp-content\/uploads\/2025\/01\/urun1-400-400-3-300x300.png\" class=\"attachment-medium size-medium wp-image-2461\" alt=\"\" srcset=\"https:\/\/prosesakademi.net\/wp-content\/uploads\/2025\/01\/urun1-400-400-3-300x300.png 300w, https:\/\/prosesakademi.net\/wp-content\/uploads\/2025\/01\/urun1-400-400-3-150x150.png 150w, https:\/\/prosesakademi.net\/wp-content\/uploads\/2025\/01\/urun1-400-400-3-200x200.png 200w, https:\/\/prosesakademi.net\/wp-content\/uploads\/2025\/01\/urun1-400-400-3.png 400w\" sizes=\"(max-width: 300px) 100vw, 300px\" \/>\t\t\t\t\t\t\t\t\t\t\t\t\t\t\t<\/div>\n\t\t\t\t<\/div>\n\t\t\t\t<\/div>\n\t\t\t\t\t<\/div>\n\t\t\t\t<\/div>\n\t\t<div class=\"elementor-element elementor-element-846d998 e-flex e-con-boxed wpr-particle-no wpr-jarallax-no wpr-parallax-no wpr-sticky-section-no wpr-column-slider-no wpr-equal-height-no e-con e-parent\" data-id=\"846d998\" data-element_type=\"container\" data-e-type=\"container\">\n\t\t\t\t\t<div class=\"e-con-inner\">\n\t\t<div class=\"elementor-element elementor-element-820c236 e-con-full e-flex wpr-particle-no wpr-jarallax-no wpr-parallax-no wpr-sticky-section-no wpr-column-slider-no wpr-equal-height-no e-con e-child\" data-id=\"820c236\" data-element_type=\"container\" data-e-type=\"container\">\n\t\t<div class=\"elementor-element elementor-element-505170a e-con-full e-flex wpr-particle-no wpr-jarallax-no wpr-parallax-no wpr-sticky-section-no wpr-column-slider-no wpr-equal-height-no e-con e-child\" data-id=\"505170a\" data-element_type=\"container\" data-e-type=\"container\">\n\t\t\t\t<div class=\"elementor-element elementor-element-249f47e elementor-widget elementor-widget-text-editor\" data-id=\"249f47e\" data-element_type=\"widget\" data-e-type=\"widget\" data-widget_type=\"text-editor.default\">\n\t\t\t\t<div class=\"elementor-widget-container\">\n\t\t\t\t\t\t\t\t\tEnd\u00fcstriyel kazanlar , \u00e7e\u015fitli end\u00fcstriyel i\u015flemlerde \u0131s\u0131 \u00fcretimi, s\u0131cak su, buhar veya termal ya\u011f sa\u011flamak i\u00e7in kullan\u0131lan b\u00fcy\u00fck kapasiteli \u0131s\u0131tma sistemleridir. Farkl\u0131 t\u00fcr ve kullan\u0131m alanlar\u0131, enerji \u00e7\u00f6z\u00fcmleri uygun \u00e7\u00f6z\u00fcmler sunar.\n\nEnd\u00fcstriyel kazanlar, geni\u015f bir yelpazede enerji, \u0131s\u0131tma ve \u00fcretim ihtiya\u00e7lar\u0131n\u0131 kar\u015f\u0131lar. Kullan\u0131m alanlar\u0131 sekt\u00f6r ve kullan\u0131lan kazan t\u00fcr\u00fcne g\u00f6re de\u011fi\u015fir. \u0130\u015fte end\u00fcstriyel kazanlar\u0131n yayg\u0131n olarak ticari alanlar\u0131:<br><br>\n<ol>\n \t<li>Enerji \u00dcretimi<\/li>\n<\/ol>\n<ul>\n \t<li>Elektrik Santralleri : Termik santrallerde buhar kazanlar\u0131, t\u00fcrbinlerin \u00e7al\u0131\u015ft\u0131r\u0131lmas\u0131 i\u00e7in y\u00fcksek h\u0131zda buhar \u00fcretir.<\/li>\n \t<li>Yenilenebilir Enerji : Biyok\u00fctle kazanlar\u0131 ve di\u011fer s\u00fcrd\u00fcr\u00fclebilir enerji kaynaklar\u0131 i\u00e7in \u0131s\u0131 \u00fcretimi kullan\u0131l\u0131r.<br><br><\/li>\n<\/ul>\n<ol start=\"2\">\n \t<li>G\u0131da ve \u0130\u00e7ecek End\u00fcstrisi<\/li>\n<\/ol>\n<ul>\n \t<li>S\u00fct ve S\u00fct \u00dcr\u00fcnleri : Past\u00f6rizasyon, sterilizasyon ve \u0131s\u0131tma s\u0131cakl\u0131klar\u0131nda buhar kullan\u0131l\u0131r.<\/li>\n \t<li>\u015eeker Fabrikalar\u0131 : Buhar, \u015feker i\u00e7eren ham \u00e7\u0131ld\u0131rt\u0131ld\u0131\u011f\u0131nda kullan\u0131l\u0131r.<\/li>\n \t<li>\u0130\u00e7ecek \u00dcretimi : Bira ve me\u015frubat \u00fcretimi fermantasyon tanklar\u0131n\u0131n \u0131s\u0131t\u0131lmas\u0131.<br><br><\/li>\n<\/ul>\n<ol start=\"3\">\n \t<li>Kimya ve Petrokimya<\/li>\n<\/ol>\n<ul>\n \t<li>Reakt\u00f6r Is\u0131tma : Kimyasal reaksiyonlar\u0131n ger\u00e7ekle\u015fmesi i\u00e7in sabit s\u0131cakl\u0131k sa\u011flanmas\u0131.<\/li>\n \t<li>Petrol Rafinerileri : Ham petrol\u00fcn ayr\u0131\u015ft\u0131r\u0131lmas\u0131 ve di\u011fer yan i\u015flemler uygulan\u0131r.<\/li>\n \t<li>Boyalar ve Kimyasal \u00dcretim : Hassas s\u0131cakl\u0131k kontrol\u00fc ile malzeme \u00fcretimi.<br><br><\/li>\n<\/ul>\n<ol start=\"4\">\n \t<li>Tekstil ve Deri Sanayi<\/li>\n<\/ol>\n<ul>\n \t<li>Buhar Kullan\u0131m\u0131 : Kuma\u015flar\u0131n boyanmas\u0131, kurutulmas\u0131 ve \u00fct\u00fcleme i\u015flemleri.<\/li>\n \t<li>Is\u0131tma ve Nem Kontrol\u00fc : \u00dcretim alan\u0131nda sabit nem ve s\u0131cakl\u0131k sa\u011flar.<br><br><\/li>\n<\/ul>\n<ol start=\"5\">\n \t<li>Ka\u011f\u0131t ve Sel\u00fcloz Sanayi<\/li>\n<\/ol>\n<ul>\n \t<li>Ka\u011f\u0131t Kurutma : Ham ka\u011f\u0131t ve kartonlar\u0131n kurutulmas\u0131nda buhar kazanlar\u0131 kullan\u0131l\u0131r.<\/li>\n \t<li>Sel\u00fcloz \u00dcretimi : Ya\u015fam\u0131n par\u00e7alanmas\u0131 ve temizlenmesi.<br><br><\/li>\n<\/ul>\n<ol start=\"6\">\n \t<li>Otel ve Hastane Gibi B\u00fcy\u00fck Tesisler<\/li>\n<\/ol>\n<ul>\n \t<li>Merkezi Is\u0131tma Sistemleri : B\u00fcy\u00fck s\u0131cakl\u0131\u011f\u0131n \u0131s\u0131t\u0131lmas\u0131 ve s\u0131cak su temini.<\/li>\n \t<li>Sterilizasyon : Hastanelerdeki t\u0131bbi ekipmanlar\u0131n sterilizasyonunda buhar kullan\u0131l\u0131r.<br><br><\/li>\n<\/ul>\n<ol start=\"7\">\n \t<li>\u0130n\u015faat ve Madencilik<\/li>\n<\/ol>\n<ul>\n \t<li>Prefabrik Yap\u0131 \u00dcretimi : Beton k\u00fcrleme ve malzemelerin \u0131s\u0131t\u0131lmas\u0131nda buharda kullan\u0131l\u0131r.<\/li>\n \t<li>Madencilik : \u00c7e\u015fitli mineral i\u015fleme oranlar\u0131nda s\u0131cakl\u0131k kontrol\u00fc.<br><br><\/li>\n<\/ul>\n<ol start=\"8\">\n \t<li>Tar\u0131m ve Serac\u0131l\u0131k<\/li>\n<\/ol>\n<ul>\n \t<li>Seralar\u0131n Is\u0131t\u0131lmas\u0131 : Sera ortamlar\u0131ndaki bitkiler i\u00e7in ideal s\u0131cakl\u0131k sa\u011flar.<\/li>\n \t<li>Hayvanc\u0131l\u0131k : K\u00fcmesler ve \u00e7iftliklerde s\u0131cakl\u0131k d\u00fczenlemesi.<br><br><\/li>\n<\/ul>\n<ol start=\"9\">\n \t<li>Ah\u015fap ve Mobilya \u00dcretimi<\/li>\n<\/ol>\n<ul>\n \t<li>Ah\u015fap Kurutma : Ah\u015fap malzemelerin nemlerini azaltmak i\u00e7in kullan\u0131l\u0131r.<\/li>\n \t<li>Kaplama ve Yap\u0131\u015ft\u0131rma \u0130\u015flemleri : S\u0131cakl\u0131k kontrol\u00fc ile kaplama malzemelerinin yeterli oldu\u011funu g\u00f6sterir.<br><br><\/li>\n<\/ul>\n<ol start=\"10\">\n \t<li>\u00c7imento ve Cam End\u00fcstrisi<\/li>\n<\/ol>\n<ul>\n \t<li>F\u0131r\u0131n ve Kal\u0131p Is\u0131tma : \u00c7imento \u00fcretim f\u0131r\u0131nlar\u0131n\u0131n ve cam i\u015fleme ocaklar\u0131n\u0131n s\u0131cak durmas\u0131.<\/li>\n<\/ul>\t\t\t\t\t\t\t\t<\/div>\n\t\t\t\t<\/div>\n\t\t\t\t<\/div>\n\t\t\t\t<\/div>\n\t\t\t\t\t<\/div>\n\t\t\t\t<\/div>\n\t\t\t\t<\/div>\n\t\t","protected":false},"excerpt":{"rendered":"<p>End\u00fcstriyel Kazanlar \u2022 Buhar Kazan\u0131 \u2022 K\u0131zg\u0131n Ya\u011f Kazan\u0131 \u2022 S\u0131cak Su Kazan\u0131 \u2022 Elektrikli Buhar Kazan\u0131 \u2022 At\u0131k Is\u0131 Kazan\u0131 End\u00fcstriyel kazanlar , \u00e7e\u015fitli end\u00fcstriyel i\u015flemlerde \u0131s\u0131 \u00fcretimi, s\u0131cak su, buhar veya termal ya\u011f sa\u011flamak i\u00e7in kullan\u0131lan b\u00fcy\u00fck kapasiteli \u0131s\u0131tma sistemleridir. Farkl\u0131 t\u00fcr ve kullan\u0131m alanlar\u0131, enerji \u00e7\u00f6z\u00fcmleri uygun \u00e7\u00f6z\u00fcmler sunar. End\u00fcstriyel kazanlar, geni\u015f bir yelpazede enerji, \u0131s\u0131tma ve \u00fcretim ihtiya\u00e7lar\u0131n\u0131 kar\u015f\u0131lar. Kullan\u0131m alanlar\u0131 sekt\u00f6r ve kullan\u0131lan kazan t\u00fcr\u00fcne g\u00f6re de\u011fi\u015fir. \u0130\u015fte end\u00fcstriyel kazanlar\u0131n yayg\u0131n olarak ticari alanlar\u0131: Enerji \u00dcretimi Elektrik Santralleri : Termik santrallerde buhar kazanlar\u0131, t\u00fcrbinlerin \u00e7al\u0131\u015ft\u0131r\u0131lmas\u0131 i\u00e7in y\u00fcksek h\u0131zda buhar \u00fcretir. Yenilenebilir Enerji : Biyok\u00fctle kazanlar\u0131 ve di\u011fer s\u00fcrd\u00fcr\u00fclebilir enerji kaynaklar\u0131 i\u00e7in \u0131s\u0131 \u00fcretimi kullan\u0131l\u0131r. G\u0131da ve \u0130\u00e7ecek End\u00fcstrisi S\u00fct ve S\u00fct \u00dcr\u00fcnleri : Past\u00f6rizasyon, sterilizasyon ve \u0131s\u0131tma s\u0131cakl\u0131klar\u0131nda buhar kullan\u0131l\u0131r. \u015eeker Fabrikalar\u0131 : Buhar, \u015feker i\u00e7eren ham \u00e7\u0131ld\u0131rt\u0131ld\u0131\u011f\u0131nda kullan\u0131l\u0131r. \u0130\u00e7ecek \u00dcretimi : Bira ve me\u015frubat \u00fcretimi fermantasyon tanklar\u0131n\u0131n \u0131s\u0131t\u0131lmas\u0131. Kimya ve Petrokimya Reakt\u00f6r Is\u0131tma : Kimyasal reaksiyonlar\u0131n ger\u00e7ekle\u015fmesi i\u00e7in sabit s\u0131cakl\u0131k sa\u011flanmas\u0131. Petrol Rafinerileri : Ham petrol\u00fcn ayr\u0131\u015ft\u0131r\u0131lmas\u0131 ve di\u011fer yan i\u015flemler uygulan\u0131r. Boyalar ve Kimyasal \u00dcretim : Hassas s\u0131cakl\u0131k kontrol\u00fc ile malzeme \u00fcretimi. Tekstil ve Deri Sanayi Buhar Kullan\u0131m\u0131 : Kuma\u015flar\u0131n boyanmas\u0131, kurutulmas\u0131 ve \u00fct\u00fcleme i\u015flemleri. Is\u0131tma ve Nem Kontrol\u00fc : \u00dcretim alan\u0131nda sabit nem ve s\u0131cakl\u0131k sa\u011flar. Ka\u011f\u0131t ve Sel\u00fcloz Sanayi Ka\u011f\u0131t Kurutma : Ham ka\u011f\u0131t ve kartonlar\u0131n kurutulmas\u0131nda buhar kazanlar\u0131 kullan\u0131l\u0131r. Sel\u00fcloz \u00dcretimi : Ya\u015fam\u0131n par\u00e7alanmas\u0131 ve temizlenmesi. Otel ve Hastane Gibi B\u00fcy\u00fck Tesisler Merkezi Is\u0131tma Sistemleri : B\u00fcy\u00fck s\u0131cakl\u0131\u011f\u0131n \u0131s\u0131t\u0131lmas\u0131 ve s\u0131cak su temini. Sterilizasyon : Hastanelerdeki t\u0131bbi ekipmanlar\u0131n sterilizasyonunda buhar kullan\u0131l\u0131r. \u0130n\u015faat ve Madencilik Prefabrik Yap\u0131 \u00dcretimi : Beton k\u00fcrleme ve malzemelerin \u0131s\u0131t\u0131lmas\u0131nda buharda kullan\u0131l\u0131r. Madencilik : \u00c7e\u015fitli mineral i\u015fleme oranlar\u0131nda s\u0131cakl\u0131k kontrol\u00fc. Tar\u0131m ve Serac\u0131l\u0131k Seralar\u0131n Is\u0131t\u0131lmas\u0131 : Sera ortamlar\u0131ndaki bitkiler i\u00e7in ideal s\u0131cakl\u0131k sa\u011flar. Hayvanc\u0131l\u0131k : K\u00fcmesler ve \u00e7iftliklerde s\u0131cakl\u0131k d\u00fczenlemesi. Ah\u015fap ve Mobilya \u00dcretimi Ah\u015fap Kurutma : Ah\u015fap malzemelerin nemlerini azaltmak i\u00e7in kullan\u0131l\u0131r. Kaplama ve Yap\u0131\u015ft\u0131rma \u0130\u015flemleri : S\u0131cakl\u0131k kontrol\u00fc ile kaplama malzemelerinin yeterli oldu\u011funu g\u00f6sterir. \u00c7imento ve Cam End\u00fcstrisi F\u0131r\u0131n ve Kal\u0131p Is\u0131tma : \u00c7imento \u00fcretim f\u0131r\u0131nlar\u0131n\u0131n ve cam i\u015fleme ocaklar\u0131n\u0131n s\u0131cak durmas\u0131.<\/p>\n","protected":false},"author":1,"featured_media":2461,"parent":0,"menu_order":0,"comment_status":"closed","ping_status":"closed","template":"elementor_canvas","meta":{"footnotes":""},"class_list":["post-2222","page","type-page","status-publish","has-post-thumbnail","hentry"],"_links":{"self":[{"href":"https:\/\/prosesakademi.net\/index.php?rest_route=\/wp\/v2\/pages\/2222","targetHints":{"allow":["GET"]}}],"collection":[{"href":"https:\/\/prosesakademi.net\/index.php?rest_route=\/wp\/v2\/pages"}],"about":[{"href":"https:\/\/prosesakademi.net\/index.php?rest_route=\/wp\/v2\/types\/page"}],"author":[{"embeddable":true,"href":"https:\/\/prosesakademi.net\/index.php?rest_route=\/wp\/v2\/users\/1"}],"replies":[{"embeddable":true,"href":"https:\/\/prosesakademi.net\/index.php?rest_route=%2Fwp%2Fv2%2Fcomments&post=2222"}],"version-history":[{"count":0,"href":"https:\/\/prosesakademi.net\/index.php?rest_route=\/wp\/v2\/pages\/2222\/revisions"}],"wp:featuredmedia":[{"embeddable":true,"href":"https:\/\/prosesakademi.net\/index.php?rest_route=\/wp\/v2\/media\/2461"}],"wp:attachment":[{"href":"https:\/\/prosesakademi.net\/index.php?rest_route=%2Fwp%2Fv2%2Fmedia&parent=2222"}],"curies":[{"name":"wp","href":"https:\/\/api.w.org\/{rel}","templated":true}]}}