{"id":2228,"date":"2025-01-05T10:14:53","date_gmt":"2025-01-05T10:14:53","guid":{"rendered":"https:\/\/prosesakademi.net\/?page_id=2228"},"modified":"2025-01-14T07:51:38","modified_gmt":"2025-01-14T07:51:38","slug":"ekonomizerler","status":"publish","type":"page","link":"https:\/\/prosesakademi.net\/?page_id=2228","title":{"rendered":"Ekonomizerler"},"content":{"rendered":"\t\t<div data-elementor-type=\"wp-page\" data-elementor-id=\"2228\" class=\"elementor elementor-2228\">\n\t\t\t\t\t\t<section class=\"elementor-section elementor-top-section elementor-element elementor-element-1d3a2faa elementor-section-content-middle elementor-section-boxed elementor-section-height-default elementor-section-height-default wpr-particle-no wpr-jarallax-no wpr-parallax-no wpr-sticky-section-no wpr-column-slider-no wpr-equal-height-no\" data-id=\"1d3a2faa\" data-element_type=\"section\" data-e-type=\"section\" data-settings=\"{&quot;background_background&quot;:&quot;classic&quot;}\">\n\t\t\t\t\t\t\t<div class=\"elementor-background-overlay\"><\/div>\n\t\t\t\t\t\t\t<div class=\"elementor-container elementor-column-gap-default\">\n\t\t\t\t\t<div class=\"elementor-column elementor-col-100 elementor-top-column elementor-element elementor-element-1360621d\" data-id=\"1360621d\" data-element_type=\"column\" data-e-type=\"column\">\n\t\t\t<div class=\"elementor-widget-wrap\">\n\t\t\t\t\t\t\t<\/div>\n\t\t<\/div>\n\t\t\t\t\t<\/div>\n\t\t<\/section>\n\t\t<div class=\"elementor-element elementor-element-7c83ce4 e-flex e-con-boxed wpr-particle-no wpr-jarallax-no wpr-parallax-no wpr-sticky-section-no wpr-column-slider-no wpr-equal-height-no e-con e-parent\" data-id=\"7c83ce4\" data-element_type=\"container\" data-e-type=\"container\">\n\t\t\t\t\t<div class=\"e-con-inner\">\n\t\t\t\t<div class=\"elementor-element elementor-element-f0f1b02 elementor-widget elementor-widget-heading\" data-id=\"f0f1b02\" data-element_type=\"widget\" data-e-type=\"widget\" data-widget_type=\"heading.default\">\n\t\t\t\t<div class=\"elementor-widget-container\">\n\t\t\t\t\t<h2 class=\"elementor-heading-title elementor-size-default\">Ekonomizerler<\/h2>\t\t\t\t<\/div>\n\t\t\t\t<\/div>\n\t\t\t\t\t<\/div>\n\t\t\t\t<\/div>\n\t\t<div class=\"elementor-element elementor-element-a7197de e-flex e-con-boxed wpr-particle-no wpr-jarallax-no wpr-parallax-no wpr-sticky-section-no wpr-column-slider-no wpr-equal-height-no e-con e-parent\" data-id=\"a7197de\" data-element_type=\"container\" data-e-type=\"container\">\n\t\t\t\t\t<div class=\"e-con-inner\">\n\t\t<div class=\"elementor-element elementor-element-5e327f9 e-con-full e-flex wpr-particle-no wpr-jarallax-no wpr-parallax-no wpr-sticky-section-no wpr-column-slider-no wpr-equal-height-no e-con e-child\" data-id=\"5e327f9\" data-element_type=\"container\" data-e-type=\"container\">\n\t\t\t\t<div class=\"elementor-element elementor-element-7ea0bb7 elementor-widget elementor-widget-text-editor\" data-id=\"7ea0bb7\" data-element_type=\"widget\" data-e-type=\"widget\" data-widget_type=\"text-editor.default\">\n\t\t\t\t<div class=\"elementor-widget-container\">\n\t\t\t\t\t\t\t\t\t<p>Bacaya at\u0131lan s\u0131cak duman gazlar\u0131ndan geri kazan\u0131m sistemlerinin ba\u015f\u0131nda ekonomizerler\u00a0gelir.\u00a0Kazan besi suyunda, proses s\u0131cak suyunda, s\u0131cak kullanma suyunda,\u00a0\u0131s\u0131nmak i\u00e7in\u00a0s\u0131cak su elde edilmesinde veya buhar \u00fcretilmesinde bacaya at\u0131lan duman\u00a0gazlar\u0131n\u0131n \u0131s\u0131s\u0131ndan yararlan\u0131l\u0131r.<\/p><p>K\u0131zg\u0131n ya\u011f kazanlar\u0131 ve s\u0131cak su kazanlar\u0131 gibi \u00e7ok \u00e7e\u015fitli kazan tiplerinde kullan\u0131lmas\u0131n\u0131n yan\u0131 s\u0131ra, en yayg\u0131n olarak kullan\u0131ld\u0131\u011f\u0131 alan buhar kazanlar\u0131d\u0131r. G\u00fcn\u00fcm\u00fczde \u00f6zellikle b\u00fcy\u00fck kapasiteli buhar kazanlar\u0131 i\u00e7in vazge\u00e7ilmez denilebilecek kadar \u00f6nemli \u00fcnitelerdendir. Duman gaz\u0131 s\u0131cakl\u0131\u011f\u0131nda yakla\u015f\u0131k 21 derecelik bir d\u00fc\u015f\u00fc\u015f, toplam kazan veriminde ortalama olarak y\u00fczde 1\u2019lik bir art\u0131\u015f sa\u011flanmas\u0131 demektir. Bu durum, hava fazlal\u0131k katsay\u0131s\u0131 ya da yak\u0131t t\u00fcr\u00fc gibi di\u011fer fakt\u00f6rlere g\u00f6re de\u011fi\u015fiklik g\u00f6sterebilir. Toplam kazan veriminde sa\u011flanan bu art\u0131\u015f ayn\u0131 zamanda yak\u0131t sarfiyat\u0131ndaki azalmay\u0131 da g\u00f6stermektedir. Hava fazlal\u0131k katsay\u0131s\u0131n\u0131n fazlaca oldu\u011fu gaz t\u00fcrbini uygulamalar\u0131 gibi kojenerasyon uygulamalar\u0131nda olu\u015fan duman gaz\u0131 debisi daha y\u00fcksek oldu\u011fu i\u00e7in y\u00fczde 1\u2019lik verim art\u0131\u015f\u0131 i\u00e7in gerekli olan s\u0131cakl\u0131k d\u00fc\u015f\u00fcm\u00fc de\u011feri daha az olacakt\u0131r.\u00a0<\/p>\t\t\t\t\t\t\t\t<\/div>\n\t\t\t\t<\/div>\n\t\t\t\t<\/div>\n\t\t<div class=\"elementor-element elementor-element-dc46473 e-con-full e-flex wpr-particle-no wpr-jarallax-no wpr-parallax-no wpr-sticky-section-no wpr-column-slider-no wpr-equal-height-no e-con e-child\" data-id=\"dc46473\" data-element_type=\"container\" data-e-type=\"container\">\n\t\t\t\t<div class=\"elementor-element elementor-element-08be3bd elementor-widget elementor-widget-image\" data-id=\"08be3bd\" data-element_type=\"widget\" data-e-type=\"widget\" data-widget_type=\"image.default\">\n\t\t\t\t<div class=\"elementor-widget-container\">\n\t\t\t\t\t\t\t\t\t\t\t\t\t\t\t<img fetchpriority=\"high\" decoding=\"async\" width=\"282\" height=\"300\" src=\"https:\/\/prosesakademi.net\/wp-content\/uploads\/2025\/01\/image012-282x300.jpg\" class=\"attachment-medium size-medium wp-image-2147\" alt=\"\" srcset=\"https:\/\/prosesakademi.net\/wp-content\/uploads\/2025\/01\/image012-282x300.jpg 282w, https:\/\/prosesakademi.net\/wp-content\/uploads\/2025\/01\/image012-768x817.jpg 768w, https:\/\/prosesakademi.net\/wp-content\/uploads\/2025\/01\/image012-200x213.jpg 200w, https:\/\/prosesakademi.net\/wp-content\/uploads\/2025\/01\/image012.jpg 807w\" sizes=\"(max-width: 282px) 100vw, 282px\" \/>\t\t\t\t\t\t\t\t\t\t\t\t\t\t\t<\/div>\n\t\t\t\t<\/div>\n\t\t\t\t<\/div>\n\t\t\t\t\t<\/div>\n\t\t\t\t<\/div>\n\t\t<div class=\"elementor-element elementor-element-168c492 e-con-full e-flex wpr-particle-no wpr-jarallax-no wpr-parallax-no wpr-sticky-section-no wpr-column-slider-no wpr-equal-height-no e-con e-parent\" data-id=\"168c492\" data-element_type=\"container\" data-e-type=\"container\">\n\t\t<div class=\"elementor-element elementor-element-0b9d937 e-flex e-con-boxed wpr-particle-no wpr-jarallax-no wpr-parallax-no wpr-sticky-section-no wpr-column-slider-no wpr-equal-height-no e-con e-child\" data-id=\"0b9d937\" data-element_type=\"container\" data-e-type=\"container\">\n\t\t\t\t\t<div class=\"e-con-inner\">\n\t\t<div class=\"elementor-element elementor-element-56ac243 e-con-full e-flex wpr-particle-no wpr-jarallax-no wpr-parallax-no wpr-sticky-section-no wpr-column-slider-no wpr-equal-height-no e-con e-child\" data-id=\"56ac243\" data-element_type=\"container\" data-e-type=\"container\">\n\t\t\t\t<div class=\"elementor-element elementor-element-d01999c elementor-widget elementor-widget-text-editor\" data-id=\"d01999c\" data-element_type=\"widget\" data-e-type=\"widget\" data-widget_type=\"text-editor.default\">\n\t\t\t\t<div class=\"elementor-widget-container\">\n\t\t\t\t\t\t\t\t\t<p><strong>Hangi Alanlarda Kullan\u0131l\u0131r?<\/strong><\/p><p>Ekonomizer, birbirinden farkl\u0131 alanlarda kullan\u0131lmaktad\u0131r.\u00a0<\/p><p>Bu alanlara \u00f6rnek verecek olursak \u015fu alanlardan bahsedebiliriz:<\/p>\t\t\t\t\t\t\t\t<\/div>\n\t\t\t\t<\/div>\n\t\t\t\t<div class=\"elementor-element elementor-element-39e1b25 elementor-icon-list--layout-traditional elementor-list-item-link-full_width elementor-widget elementor-widget-icon-list\" data-id=\"39e1b25\" data-element_type=\"widget\" data-e-type=\"widget\" data-widget_type=\"icon-list.default\">\n\t\t\t\t<div class=\"elementor-widget-container\">\n\t\t\t\t\t\t\t<ul class=\"elementor-icon-list-items\">\n\t\t\t\t\t\t\t<li class=\"elementor-icon-list-item\">\n\t\t\t\t\t\t\t\t\t\t<span class=\"elementor-icon-list-text\">\u2022 Kazan Besi Suyunun ya da Yakma Hava Is\u0131t\u0131lmas\u0131nda<\/span>\n\t\t\t\t\t\t\t\t\t<\/li>\n\t\t\t\t\t\t\t\t<li class=\"elementor-icon-list-item\">\n\t\t\t\t\t\t\t\t\t\t<span class=\"elementor-icon-list-text\">\u2022 Proses ya da Is\u0131nma Suyu Kazan\u0131m\u0131nda<\/span>\n\t\t\t\t\t\t\t\t\t<\/li>\n\t\t\t\t\t\t\t\t<li class=\"elementor-icon-list-item\">\n\t\t\t\t\t\t\t\t\t\t<span class=\"elementor-icon-list-text\">\u2022 Kojenerasyon Bacalar\u0131nda Ek Enerji Kazan\u0131m\u0131nda<\/span>\n\t\t\t\t\t\t\t\t\t<\/li>\n\t\t\t\t\t\t\t\t<li class=\"elementor-icon-list-item\">\n\t\t\t\t\t\t\t\t\t\t<span class=\"elementor-icon-list-text\">\u2022 Gemi Motoru Bacalar\u0131ndaki Kazan\u0131m \u0130\u015fleminde<\/span>\n\t\t\t\t\t\t\t\t\t<\/li>\n\t\t\t\t\t\t\t\t<li class=\"elementor-icon-list-item\">\n\t\t\t\t\t\t\t\t\t\t<span class=\"elementor-icon-list-text\">\u2022 At\u0131k \u0131s\u0131 kazan\u0131<\/span>\n\t\t\t\t\t\t\t\t\t<\/li>\n\t\t\t\t\t\t<\/ul>\n\t\t\t\t\t\t<\/div>\n\t\t\t\t<\/div>\n\t\t\t\t<\/div>\n\t\t\t\t\t<\/div>\n\t\t\t\t<\/div>\n\t\t\t\t<\/div>\n\t\t\t\t<\/div>\n\t\t","protected":false},"excerpt":{"rendered":"<p>Ekonomizerler Bacaya at\u0131lan s\u0131cak duman gazlar\u0131ndan geri kazan\u0131m sistemlerinin ba\u015f\u0131nda ekonomizerler\u00a0gelir.\u00a0Kazan besi suyunda, proses s\u0131cak suyunda, s\u0131cak kullanma suyunda,\u00a0\u0131s\u0131nmak i\u00e7in\u00a0s\u0131cak su elde edilmesinde veya buhar \u00fcretilmesinde bacaya at\u0131lan duman\u00a0gazlar\u0131n\u0131n \u0131s\u0131s\u0131ndan yararlan\u0131l\u0131r. K\u0131zg\u0131n ya\u011f kazanlar\u0131 ve s\u0131cak su kazanlar\u0131 gibi \u00e7ok \u00e7e\u015fitli kazan tiplerinde kullan\u0131lmas\u0131n\u0131n yan\u0131 s\u0131ra, en yayg\u0131n olarak kullan\u0131ld\u0131\u011f\u0131 alan buhar kazanlar\u0131d\u0131r. G\u00fcn\u00fcm\u00fczde \u00f6zellikle b\u00fcy\u00fck kapasiteli buhar kazanlar\u0131 i\u00e7in vazge\u00e7ilmez denilebilecek kadar \u00f6nemli \u00fcnitelerdendir. Duman gaz\u0131 s\u0131cakl\u0131\u011f\u0131nda yakla\u015f\u0131k 21 derecelik bir d\u00fc\u015f\u00fc\u015f, toplam kazan veriminde ortalama olarak y\u00fczde 1\u2019lik bir art\u0131\u015f sa\u011flanmas\u0131 demektir. Bu durum, hava fazlal\u0131k katsay\u0131s\u0131 ya da yak\u0131t t\u00fcr\u00fc gibi di\u011fer fakt\u00f6rlere g\u00f6re de\u011fi\u015fiklik g\u00f6sterebilir. Toplam kazan veriminde sa\u011flanan bu art\u0131\u015f ayn\u0131 zamanda yak\u0131t sarfiyat\u0131ndaki azalmay\u0131 da g\u00f6stermektedir. Hava fazlal\u0131k katsay\u0131s\u0131n\u0131n fazlaca oldu\u011fu gaz t\u00fcrbini uygulamalar\u0131 gibi kojenerasyon uygulamalar\u0131nda olu\u015fan duman gaz\u0131 debisi daha y\u00fcksek oldu\u011fu i\u00e7in y\u00fczde 1\u2019lik verim art\u0131\u015f\u0131 i\u00e7in gerekli olan s\u0131cakl\u0131k d\u00fc\u015f\u00fcm\u00fc de\u011feri daha az olacakt\u0131r.\u00a0 Hangi Alanlarda Kullan\u0131l\u0131r? Ekonomizer, birbirinden farkl\u0131 alanlarda kullan\u0131lmaktad\u0131r.\u00a0 Bu alanlara \u00f6rnek verecek olursak \u015fu alanlardan bahsedebiliriz: \u2022 Kazan Besi Suyunun ya da Yakma Hava Is\u0131t\u0131lmas\u0131nda \u2022 Proses ya da Is\u0131nma Suyu Kazan\u0131m\u0131nda \u2022 Kojenerasyon Bacalar\u0131nda Ek Enerji Kazan\u0131m\u0131nda \u2022 Gemi Motoru Bacalar\u0131ndaki Kazan\u0131m \u0130\u015fleminde \u2022 At\u0131k \u0131s\u0131 kazan\u0131<\/p>\n","protected":false},"author":1,"featured_media":2462,"parent":0,"menu_order":0,"comment_status":"closed","ping_status":"closed","template":"elementor_canvas","meta":{"footnotes":""},"class_list":["post-2228","page","type-page","status-publish","has-post-thumbnail","hentry"],"_links":{"self":[{"href":"https:\/\/prosesakademi.net\/index.php?rest_route=\/wp\/v2\/pages\/2228","targetHints":{"allow":["GET"]}}],"collection":[{"href":"https:\/\/prosesakademi.net\/index.php?rest_route=\/wp\/v2\/pages"}],"about":[{"href":"https:\/\/prosesakademi.net\/index.php?rest_route=\/wp\/v2\/types\/page"}],"author":[{"embeddable":true,"href":"https:\/\/prosesakademi.net\/index.php?rest_route=\/wp\/v2\/users\/1"}],"replies":[{"embeddable":true,"href":"https:\/\/prosesakademi.net\/index.php?rest_route=%2Fwp%2Fv2%2Fcomments&post=2228"}],"version-history":[{"count":0,"href":"https:\/\/prosesakademi.net\/index.php?rest_route=\/wp\/v2\/pages\/2228\/revisions"}],"wp:featuredmedia":[{"embeddable":true,"href":"https:\/\/prosesakademi.net\/index.php?rest_route=\/wp\/v2\/media\/2462"}],"wp:attachment":[{"href":"https:\/\/prosesakademi.net\/index.php?rest_route=%2Fwp%2Fv2%2Fmedia&parent=2228"}],"curies":[{"name":"wp","href":"https:\/\/api.w.org\/{rel}","templated":true}]}}