{"id":2234,"date":"2025-01-05T10:18:01","date_gmt":"2025-01-05T10:18:01","guid":{"rendered":"https:\/\/prosesakademi.net\/?page_id=2234"},"modified":"2025-01-14T08:07:12","modified_gmt":"2025-01-14T08:07:12","slug":"rekuperatorler","status":"publish","type":"page","link":"https:\/\/prosesakademi.net\/?page_id=2234","title":{"rendered":"Rek\u00fcperat\u00f6rler"},"content":{"rendered":"\t\t<div data-elementor-type=\"wp-page\" data-elementor-id=\"2234\" class=\"elementor elementor-2234\">\n\t\t\t\t\t\t<section class=\"elementor-section elementor-top-section elementor-element elementor-element-1d3a2faa elementor-section-content-middle elementor-section-boxed elementor-section-height-default elementor-section-height-default wpr-particle-no wpr-jarallax-no wpr-parallax-no wpr-sticky-section-no wpr-column-slider-no wpr-equal-height-no\" data-id=\"1d3a2faa\" data-element_type=\"section\" data-e-type=\"section\" data-settings=\"{&quot;background_background&quot;:&quot;classic&quot;}\">\n\t\t\t\t\t\t\t<div class=\"elementor-background-overlay\"><\/div>\n\t\t\t\t\t\t\t<div class=\"elementor-container elementor-column-gap-default\">\n\t\t\t\t\t<div class=\"elementor-column elementor-col-100 elementor-top-column elementor-element elementor-element-1360621d\" data-id=\"1360621d\" data-element_type=\"column\" data-e-type=\"column\">\n\t\t\t<div class=\"elementor-widget-wrap\">\n\t\t\t\t\t\t\t<\/div>\n\t\t<\/div>\n\t\t\t\t\t<\/div>\n\t\t<\/section>\n\t\t<div class=\"elementor-element elementor-element-8aefd7e e-flex e-con-boxed wpr-particle-no wpr-jarallax-no wpr-parallax-no wpr-sticky-section-no wpr-column-slider-no wpr-equal-height-no e-con e-parent\" data-id=\"8aefd7e\" data-element_type=\"container\" data-e-type=\"container\">\n\t\t\t\t\t<div class=\"e-con-inner\">\n\t\t\t\t<div class=\"elementor-element elementor-element-c1e8c99 elementor-widget elementor-widget-heading\" data-id=\"c1e8c99\" data-element_type=\"widget\" data-e-type=\"widget\" data-widget_type=\"heading.default\">\n\t\t\t\t<div class=\"elementor-widget-container\">\n\t\t\t\t\t<h2 class=\"elementor-heading-title elementor-size-default\">Rek\u00fcperat\u00f6rler<\/h2>\t\t\t\t<\/div>\n\t\t\t\t<\/div>\n\t\t\t\t\t<\/div>\n\t\t\t\t<\/div>\n\t\t<div class=\"elementor-element elementor-element-168c492 e-flex e-con-boxed wpr-particle-no wpr-jarallax-no wpr-parallax-no wpr-sticky-section-no wpr-column-slider-no wpr-equal-height-no e-con e-parent\" data-id=\"168c492\" data-element_type=\"container\" data-e-type=\"container\">\n\t\t\t\t\t<div class=\"e-con-inner\">\n\t\t<div class=\"elementor-element elementor-element-0b9d937 e-con-full e-flex wpr-particle-no wpr-jarallax-no wpr-parallax-no wpr-sticky-section-no wpr-column-slider-no wpr-equal-height-no e-con e-child\" data-id=\"0b9d937\" data-element_type=\"container\" data-e-type=\"container\">\n\t\t\t\t<div class=\"elementor-element elementor-element-249f47e elementor-widget elementor-widget-text-editor\" data-id=\"249f47e\" data-element_type=\"widget\" data-e-type=\"widget\" data-widget_type=\"text-editor.default\">\n\t\t\t\t<div class=\"elementor-widget-container\">\n\t\t\t\t\t\t\t\t\t<p>Havadan havaya \u0131s\u0131 transferi sa\u011flayan \u0131s\u0131 geri kazan\u0131m sistemidir.<\/p><p>Bacaya at\u0131lan s\u0131cak duman gazlar\u0131ndan geri kazan\u0131m sistemlerinden biri rek\u00fcperat\u00f6rlerdir. Kazan yakma havas\u0131n\u0131n \u0131s\u0131t\u0131lmas\u0131nda, proses s\u0131cak hava ihtiyac\u0131nda, kat\u0131 yak\u0131tl\u0131 kazanlarda yak\u0131t\u0131n kurutulmas\u0131nda, bacaya at\u0131lan duman\u00a0gazlar\u0131n\u0131n \u0131s\u0131s\u0131ndan yararlan\u0131l\u0131r.<\/p><p>Rek\u00fcperat\u00f6rler, 600 ve \u00fczerinde olan s\u0131cakl\u0131klar i\u00e7in 160\u2018\u0131n alt\u0131na d\u00fc\u015fmeyecek bir bi\u00e7imde \u00fcretilmi\u015flerdir.<\/p><p>Metalik rek\u00fcperat\u00f6rler en y\u00fcksek 1000, seramik rek\u00fcperat\u00f6rler de 1000\u2019de bulunan s\u0131cakl\u0131klar i\u00e7in kullan\u0131labilir.<\/p>\t\t\t\t\t\t\t\t<\/div>\n\t\t\t\t<\/div>\n\t\t\t\t<\/div>\n\t\t<div class=\"elementor-element elementor-element-2d053fe e-con-full e-flex wpr-particle-no wpr-jarallax-no wpr-parallax-no wpr-sticky-section-no wpr-column-slider-no wpr-equal-height-no e-con e-child\" data-id=\"2d053fe\" data-element_type=\"container\" data-e-type=\"container\">\n\t\t\t\t<div class=\"elementor-element elementor-element-5f848dd elementor-widget elementor-widget-image\" data-id=\"5f848dd\" data-element_type=\"widget\" data-e-type=\"widget\" data-widget_type=\"image.default\">\n\t\t\t\t<div class=\"elementor-widget-container\">\n\t\t\t\t\t\t\t\t\t\t\t\t\t\t\t<img fetchpriority=\"high\" decoding=\"async\" width=\"269\" height=\"300\" src=\"https:\/\/prosesakademi.net\/wp-content\/uploads\/2025\/01\/image013.jpg\" class=\"attachment-medium size-medium wp-image-2146\" alt=\"\" srcset=\"https:\/\/prosesakademi.net\/wp-content\/uploads\/2025\/01\/image013.jpg 269w, https:\/\/prosesakademi.net\/wp-content\/uploads\/2025\/01\/image013-200x223.jpg 200w\" sizes=\"(max-width: 269px) 100vw, 269px\" \/>\t\t\t\t\t\t\t\t\t\t\t\t\t\t\t<\/div>\n\t\t\t\t<\/div>\n\t\t\t\t<\/div>\n\t\t\t\t\t<\/div>\n\t\t\t\t<\/div>\n\t\t\t\t<\/div>\n\t\t","protected":false},"excerpt":{"rendered":"<p>Rek\u00fcperat\u00f6rler Havadan havaya \u0131s\u0131 transferi sa\u011flayan \u0131s\u0131 geri kazan\u0131m sistemidir. Bacaya at\u0131lan s\u0131cak duman gazlar\u0131ndan geri kazan\u0131m sistemlerinden biri rek\u00fcperat\u00f6rlerdir. Kazan yakma havas\u0131n\u0131n \u0131s\u0131t\u0131lmas\u0131nda, proses s\u0131cak hava ihtiyac\u0131nda, kat\u0131 yak\u0131tl\u0131 kazanlarda yak\u0131t\u0131n kurutulmas\u0131nda, bacaya at\u0131lan duman\u00a0gazlar\u0131n\u0131n \u0131s\u0131s\u0131ndan yararlan\u0131l\u0131r. Rek\u00fcperat\u00f6rler, 600 ve \u00fczerinde olan s\u0131cakl\u0131klar i\u00e7in 160\u2018\u0131n alt\u0131na d\u00fc\u015fmeyecek bir bi\u00e7imde \u00fcretilmi\u015flerdir. Metalik rek\u00fcperat\u00f6rler en y\u00fcksek 1000, seramik rek\u00fcperat\u00f6rler de 1000\u2019de bulunan s\u0131cakl\u0131klar i\u00e7in kullan\u0131labilir.<\/p>\n","protected":false},"author":1,"featured_media":2463,"parent":0,"menu_order":0,"comment_status":"closed","ping_status":"closed","template":"elementor_canvas","meta":{"footnotes":""},"class_list":["post-2234","page","type-page","status-publish","has-post-thumbnail","hentry"],"_links":{"self":[{"href":"https:\/\/prosesakademi.net\/index.php?rest_route=\/wp\/v2\/pages\/2234","targetHints":{"allow":["GET"]}}],"collection":[{"href":"https:\/\/prosesakademi.net\/index.php?rest_route=\/wp\/v2\/pages"}],"about":[{"href":"https:\/\/prosesakademi.net\/index.php?rest_route=\/wp\/v2\/types\/page"}],"author":[{"embeddable":true,"href":"https:\/\/prosesakademi.net\/index.php?rest_route=\/wp\/v2\/users\/1"}],"replies":[{"embeddable":true,"href":"https:\/\/prosesakademi.net\/index.php?rest_route=%2Fwp%2Fv2%2Fcomments&post=2234"}],"version-history":[{"count":0,"href":"https:\/\/prosesakademi.net\/index.php?rest_route=\/wp\/v2\/pages\/2234\/revisions"}],"wp:featuredmedia":[{"embeddable":true,"href":"https:\/\/prosesakademi.net\/index.php?rest_route=\/wp\/v2\/media\/2463"}],"wp:attachment":[{"href":"https:\/\/prosesakademi.net\/index.php?rest_route=%2Fwp%2Fv2%2Fmedia&parent=2234"}],"curies":[{"name":"wp","href":"https:\/\/api.w.org\/{rel}","templated":true}]}}