{"id":2255,"date":"2025-01-04T10:30:06","date_gmt":"2025-01-04T10:30:06","guid":{"rendered":"https:\/\/prosesakademi.net\/?page_id=2255"},"modified":"2025-01-14T07:47:32","modified_gmt":"2025-01-14T07:47:32","slug":"dalgic-mikserler","status":"publish","type":"page","link":"https:\/\/prosesakademi.net\/?page_id=2255","title":{"rendered":"Dalg\u0131\u00e7 Mikserler"},"content":{"rendered":"\t\t<div data-elementor-type=\"wp-page\" data-elementor-id=\"2255\" class=\"elementor elementor-2255\">\n\t\t\t\t\t\t<section class=\"elementor-section elementor-top-section elementor-element elementor-element-1d3a2faa elementor-section-content-middle elementor-section-boxed elementor-section-height-default elementor-section-height-default wpr-particle-no wpr-jarallax-no wpr-parallax-no wpr-sticky-section-no wpr-column-slider-no wpr-equal-height-no\" data-id=\"1d3a2faa\" data-element_type=\"section\" data-e-type=\"section\" data-settings=\"{&quot;background_background&quot;:&quot;classic&quot;}\">\n\t\t\t\t\t\t\t<div class=\"elementor-background-overlay\"><\/div>\n\t\t\t\t\t\t\t<div class=\"elementor-container elementor-column-gap-default\">\n\t\t\t\t\t<div class=\"elementor-column elementor-col-100 elementor-top-column elementor-element elementor-element-1360621d\" data-id=\"1360621d\" data-element_type=\"column\" data-e-type=\"column\">\n\t\t\t<div class=\"elementor-widget-wrap\">\n\t\t\t\t\t\t\t<\/div>\n\t\t<\/div>\n\t\t\t\t\t<\/div>\n\t\t<\/section>\n\t\t<div class=\"elementor-element elementor-element-73dd934 e-flex e-con-boxed wpr-particle-no wpr-jarallax-no wpr-parallax-no wpr-sticky-section-no wpr-column-slider-no wpr-equal-height-no e-con e-parent\" data-id=\"73dd934\" data-element_type=\"container\" data-e-type=\"container\">\n\t\t\t\t\t<div class=\"e-con-inner\">\n\t\t\t\t<div class=\"elementor-element elementor-element-e889de6 elementor-widget elementor-widget-heading\" data-id=\"e889de6\" data-element_type=\"widget\" data-e-type=\"widget\" data-widget_type=\"heading.default\">\n\t\t\t\t<div class=\"elementor-widget-container\">\n\t\t\t\t\t<h2 class=\"elementor-heading-title elementor-size-default\">Dalg\u0131\u00e7 Mikserler<\/h2>\t\t\t\t<\/div>\n\t\t\t\t<\/div>\n\t\t\t\t\t<\/div>\n\t\t\t\t<\/div>\n\t\t<div class=\"elementor-element elementor-element-168c492 e-flex e-con-boxed wpr-particle-no wpr-jarallax-no wpr-parallax-no wpr-sticky-section-no wpr-column-slider-no wpr-equal-height-no e-con e-parent\" data-id=\"168c492\" data-element_type=\"container\" data-e-type=\"container\">\n\t\t\t\t\t<div class=\"e-con-inner\">\n\t\t<div class=\"elementor-element elementor-element-0b9d937 e-con-full e-flex wpr-particle-no wpr-jarallax-no wpr-parallax-no wpr-sticky-section-no wpr-column-slider-no wpr-equal-height-no e-con e-child\" data-id=\"0b9d937\" data-element_type=\"container\" data-e-type=\"container\">\n\t\t<div class=\"elementor-element elementor-element-56ac243 e-con-full e-flex wpr-particle-no wpr-jarallax-no wpr-parallax-no wpr-sticky-section-no wpr-column-slider-no wpr-equal-height-no e-con e-child\" data-id=\"56ac243\" data-element_type=\"container\" data-e-type=\"container\">\n\t\t\t\t<div class=\"elementor-element elementor-element-d01999c elementor-widget elementor-widget-text-editor\" data-id=\"d01999c\" data-element_type=\"widget\" data-e-type=\"widget\" data-widget_type=\"text-editor.default\">\n\t\t\t\t<div class=\"elementor-widget-container\">\n\t\t\t\t\t\t\t\t\t<p>S\u0131v\u0131 ortamlarda homojen kar\u0131\u015f\u0131m sa\u011flayan, tortu olu\u015fumunu \u00f6nleyen veya havaland\u0131rma gibi delikleri desteklemek i\u00e7in kullan\u0131lan, tamamen s\u0131v\u0131ya dald\u0131r\u0131labilen kar\u0131\u015ft\u0131r\u0131c\u0131lard\u0131r. \u00d6zellikle end\u00fcstriyel ve belediye uygulamalar\u0131 s\u0131kl\u0131kla tercih edilir.<\/p>\t\t\t\t\t\t\t\t<\/div>\n\t\t\t\t<\/div>\n\t\t\t\t<\/div>\n\t\t\t\t<div class=\"elementor-element elementor-element-52c247c elementor-widget elementor-widget-heading\" data-id=\"52c247c\" data-element_type=\"widget\" data-e-type=\"widget\" data-widget_type=\"heading.default\">\n\t\t\t\t<div class=\"elementor-widget-container\">\n\t\t\t\t\t<h2 class=\"elementor-heading-title elementor-size-default\">Ba\u015fl\u0131ca \u00f6zellikleri<br><br><\/h2>\t\t\t\t<\/div>\n\t\t\t\t<\/div>\n\t\t\t\t<div class=\"elementor-element elementor-element-39e1b25 elementor-icon-list--layout-traditional elementor-list-item-link-full_width elementor-widget elementor-widget-icon-list\" data-id=\"39e1b25\" data-element_type=\"widget\" data-e-type=\"widget\" data-widget_type=\"icon-list.default\">\n\t\t\t\t<div class=\"elementor-widget-container\">\n\t\t\t\t\t\t\t<ul class=\"elementor-icon-list-items\">\n\t\t\t\t\t\t\t<li class=\"elementor-icon-list-item\">\n\t\t\t\t\t\t\t\t\t\t<span class=\"elementor-icon-list-text\">\u2022 Suya Dayan\u0131kl\u0131 Tasar\u0131m : Mikser g\u00f6vdesi ve motor k\u0131sm\u0131 tamamen su ge\u00e7irmezdir.<\/span>\n\t\t\t\t\t\t\t\t\t<\/li>\n\t\t\t\t\t\t\t\t<li class=\"elementor-icon-list-item\">\n\t\t\t\t\t\t\t\t\t\t<span class=\"elementor-icon-list-text\">\u2022 Pervaneli Sistem : Paslanmaz \u00e7elikten \u00fcretilen pervaneler, s\u0131v\u0131lar\u0131n etkili bir \u015fekilde kar\u0131\u015fmas\u0131n\u0131 sa\u011flar.<\/span>\n\t\t\t\t\t\t\t\t\t<\/li>\n\t\t\t\t\t\t\t\t<li class=\"elementor-icon-list-item\">\n\t\t\t\t\t\t\t\t\t\t<span class=\"elementor-icon-list-text\">\u2022 D\u00fc\u015f\u00fck Enerji T\u00fcketimi : Y\u00fcksek verimlilikle \u00e7al\u0131\u015fmak \u00fczere tasarlanm\u0131\u015ft\u0131r.<\/span>\n\t\t\t\t\t\t\t\t\t<\/li>\n\t\t\t\t\t\t\t\t<li class=\"elementor-icon-list-item\">\n\t\t\t\t\t\t\t\t\t\t<span class=\"elementor-icon-list-text\">\u2022 Farkl\u0131 Kapasite Se\u00e7enekleri : Kar\u0131\u015f\u0131m yo\u011funlu\u011funa ve s\u0131v\u0131 miktar\u0131na g\u00f6re farkl\u0131 motor g\u00fc\u00e7leri ve pervane \u00e7aplar\u0131 sunar.<\/span>\n\t\t\t\t\t\t\t\t\t<\/li>\n\t\t\t\t\t\t\t\t<li class=\"elementor-icon-list-item\">\n\t\t\t\t\t\t\t\t\t\t<span class=\"elementor-icon-list-text\">\u2022 Korozyon Dayan\u0131kl\u0131l\u0131\u011f\u0131 : Asidik veya alkalin s\u0131v\u0131lara kar\u015f\u0131 dayan\u0131kl\u0131 olarak \u00fcretilmi\u015ftir.<\/span>\n\t\t\t\t\t\t\t\t\t<\/li>\n\t\t\t\t\t\t<\/ul>\n\t\t\t\t\t\t<\/div>\n\t\t\t\t<\/div>\n\t\t\t\t<\/div>\n\t\t<div class=\"elementor-element elementor-element-2d053fe e-con-full e-flex wpr-particle-no wpr-jarallax-no wpr-parallax-no wpr-sticky-section-no wpr-column-slider-no wpr-equal-height-no e-con e-child\" data-id=\"2d053fe\" data-element_type=\"container\" data-e-type=\"container\">\n\t\t\t\t<div class=\"elementor-element elementor-element-ba4ac23 elementor-widget elementor-widget-image\" data-id=\"ba4ac23\" data-element_type=\"widget\" data-e-type=\"widget\" data-widget_type=\"image.default\">\n\t\t\t\t<div class=\"elementor-widget-container\">\n\t\t\t\t\t\t\t\t\t\t\t\t\t\t\t<img fetchpriority=\"high\" decoding=\"async\" width=\"960\" height=\"960\" src=\"https:\/\/prosesakademi.net\/wp-content\/uploads\/2025\/01\/image015-1024x1024.jpg\" class=\"attachment-large size-large wp-image-2144\" alt=\"\" srcset=\"https:\/\/prosesakademi.net\/wp-content\/uploads\/2025\/01\/image015-1024x1024.jpg 1024w, https:\/\/prosesakademi.net\/wp-content\/uploads\/2025\/01\/image015-300x300.jpg 300w, https:\/\/prosesakademi.net\/wp-content\/uploads\/2025\/01\/image015-150x150.jpg 150w, https:\/\/prosesakademi.net\/wp-content\/uploads\/2025\/01\/image015-768x768.jpg 768w, https:\/\/prosesakademi.net\/wp-content\/uploads\/2025\/01\/image015-700x700.jpg 700w, https:\/\/prosesakademi.net\/wp-content\/uploads\/2025\/01\/image015-200x200.jpg 200w, https:\/\/prosesakademi.net\/wp-content\/uploads\/2025\/01\/image015.jpg 1385w\" sizes=\"(max-width: 960px) 100vw, 960px\" \/>\t\t\t\t\t\t\t\t\t\t\t\t\t\t\t<\/div>\n\t\t\t\t<\/div>\n\t\t\t\t<\/div>\n\t\t\t\t\t<\/div>\n\t\t\t\t<\/div>\n\t\t\t\t<\/div>\n\t\t","protected":false},"excerpt":{"rendered":"<p>Dalg\u0131\u00e7 Mikserler S\u0131v\u0131 ortamlarda homojen kar\u0131\u015f\u0131m sa\u011flayan, tortu olu\u015fumunu \u00f6nleyen veya havaland\u0131rma gibi delikleri desteklemek i\u00e7in kullan\u0131lan, tamamen s\u0131v\u0131ya dald\u0131r\u0131labilen kar\u0131\u015ft\u0131r\u0131c\u0131lard\u0131r. \u00d6zellikle end\u00fcstriyel ve belediye uygulamalar\u0131 s\u0131kl\u0131kla tercih edilir. Ba\u015fl\u0131ca \u00f6zellikleri \u2022 Suya Dayan\u0131kl\u0131 Tasar\u0131m : Mikser g\u00f6vdesi ve motor k\u0131sm\u0131 tamamen su ge\u00e7irmezdir. \u2022 Pervaneli Sistem : Paslanmaz \u00e7elikten \u00fcretilen pervaneler, s\u0131v\u0131lar\u0131n etkili bir \u015fekilde kar\u0131\u015fmas\u0131n\u0131 sa\u011flar. \u2022 D\u00fc\u015f\u00fck Enerji T\u00fcketimi : Y\u00fcksek verimlilikle \u00e7al\u0131\u015fmak \u00fczere tasarlanm\u0131\u015ft\u0131r. \u2022 Farkl\u0131 Kapasite Se\u00e7enekleri : Kar\u0131\u015f\u0131m yo\u011funlu\u011funa ve s\u0131v\u0131 miktar\u0131na g\u00f6re farkl\u0131 motor g\u00fc\u00e7leri ve pervane \u00e7aplar\u0131 sunar. \u2022 Korozyon Dayan\u0131kl\u0131l\u0131\u011f\u0131 : Asidik veya alkalin s\u0131v\u0131lara kar\u015f\u0131 dayan\u0131kl\u0131 olarak \u00fcretilmi\u015ftir.<\/p>\n","protected":false},"author":1,"featured_media":2459,"parent":0,"menu_order":0,"comment_status":"closed","ping_status":"closed","template":"elementor_canvas","meta":{"footnotes":""},"class_list":["post-2255","page","type-page","status-publish","has-post-thumbnail","hentry"],"_links":{"self":[{"href":"https:\/\/prosesakademi.net\/index.php?rest_route=\/wp\/v2\/pages\/2255","targetHints":{"allow":["GET"]}}],"collection":[{"href":"https:\/\/prosesakademi.net\/index.php?rest_route=\/wp\/v2\/pages"}],"about":[{"href":"https:\/\/prosesakademi.net\/index.php?rest_route=\/wp\/v2\/types\/page"}],"author":[{"embeddable":true,"href":"https:\/\/prosesakademi.net\/index.php?rest_route=\/wp\/v2\/users\/1"}],"replies":[{"embeddable":true,"href":"https:\/\/prosesakademi.net\/index.php?rest_route=%2Fwp%2Fv2%2Fcomments&post=2255"}],"version-history":[{"count":0,"href":"https:\/\/prosesakademi.net\/index.php?rest_route=\/wp\/v2\/pages\/2255\/revisions"}],"wp:featuredmedia":[{"embeddable":true,"href":"https:\/\/prosesakademi.net\/index.php?rest_route=\/wp\/v2\/media\/2459"}],"wp:attachment":[{"href":"https:\/\/prosesakademi.net\/index.php?rest_route=%2Fwp%2Fv2%2Fmedia&parent=2255"}],"curies":[{"name":"wp","href":"https:\/\/api.w.org\/{rel}","templated":true}]}}