{"id":2271,"date":"2025-01-03T10:36:54","date_gmt":"2025-01-03T10:36:54","guid":{"rendered":"https:\/\/prosesakademi.net\/?page_id=2271"},"modified":"2025-01-14T07:40:07","modified_gmt":"2025-01-14T07:40:07","slug":"boyler-akumulasyon-tanki-genlesme-tanki","status":"publish","type":"page","link":"https:\/\/prosesakademi.net\/?page_id=2271","title":{"rendered":"Boyler"},"content":{"rendered":"\t\t<div data-elementor-type=\"wp-page\" data-elementor-id=\"2271\" class=\"elementor elementor-2271\">\n\t\t\t\t\t\t<section class=\"elementor-section elementor-top-section elementor-element elementor-element-1d3a2faa elementor-section-content-middle elementor-section-boxed elementor-section-height-default elementor-section-height-default wpr-particle-no wpr-jarallax-no wpr-parallax-no wpr-sticky-section-no wpr-column-slider-no wpr-equal-height-no\" data-id=\"1d3a2faa\" data-element_type=\"section\" data-e-type=\"section\" data-settings=\"{&quot;background_background&quot;:&quot;classic&quot;}\">\n\t\t\t\t\t\t\t<div class=\"elementor-background-overlay\"><\/div>\n\t\t\t\t\t\t\t<div class=\"elementor-container elementor-column-gap-default\">\n\t\t\t\t\t<div class=\"elementor-column elementor-col-100 elementor-top-column elementor-element elementor-element-1360621d\" data-id=\"1360621d\" data-element_type=\"column\" data-e-type=\"column\">\n\t\t\t<div class=\"elementor-widget-wrap\">\n\t\t\t\t\t\t\t<\/div>\n\t\t<\/div>\n\t\t\t\t\t<\/div>\n\t\t<\/section>\n\t\t<div class=\"elementor-element elementor-element-1f7f9fa e-flex e-con-boxed wpr-particle-no wpr-jarallax-no wpr-parallax-no wpr-sticky-section-no wpr-column-slider-no wpr-equal-height-no e-con e-parent\" data-id=\"1f7f9fa\" data-element_type=\"container\" data-e-type=\"container\">\n\t\t\t\t\t<div class=\"e-con-inner\">\n\t\t\t\t<div class=\"elementor-element elementor-element-674d3fd elementor-widget elementor-widget-heading\" data-id=\"674d3fd\" data-element_type=\"widget\" data-e-type=\"widget\" data-widget_type=\"heading.default\">\n\t\t\t\t<div class=\"elementor-widget-container\">\n\t\t\t\t\t<h2 class=\"elementor-heading-title elementor-size-default\">Boyler<\/h2>\t\t\t\t<\/div>\n\t\t\t\t<\/div>\n\t\t\t\t\t<\/div>\n\t\t\t\t<\/div>\n\t\t<div class=\"elementor-element elementor-element-168c492 e-flex e-con-boxed wpr-particle-no wpr-jarallax-no wpr-parallax-no wpr-sticky-section-no wpr-column-slider-no wpr-equal-height-no e-con e-parent\" data-id=\"168c492\" data-element_type=\"container\" data-e-type=\"container\">\n\t\t\t\t\t<div class=\"e-con-inner\">\n\t\t<div class=\"elementor-element elementor-element-0b9d937 e-con-full e-flex wpr-particle-no wpr-jarallax-no wpr-parallax-no wpr-sticky-section-no wpr-column-slider-no wpr-equal-height-no e-con e-child\" data-id=\"0b9d937\" data-element_type=\"container\" data-e-type=\"container\">\n\t\t<div class=\"elementor-element elementor-element-56ac243 e-con-full e-flex wpr-particle-no wpr-jarallax-no wpr-parallax-no wpr-sticky-section-no wpr-column-slider-no wpr-equal-height-no e-con e-child\" data-id=\"56ac243\" data-element_type=\"container\" data-e-type=\"container\">\n\t\t\t\t<div class=\"elementor-element elementor-element-d01999c elementor-widget elementor-widget-text-editor\" data-id=\"d01999c\" data-element_type=\"widget\" data-e-type=\"widget\" data-widget_type=\"text-editor.default\">\n\t\t\t\t<div class=\"elementor-widget-container\">\n\t\t\t\t\t\t\t\t\t<p>Boyler, genellikle s\u0131cak su temini amac\u0131yla kullan\u0131lan bir \u0131s\u0131tma cihaz\u0131d\u0131r. Temel g\u00f6revi, bir enerji kayna\u011f\u0131 (\u00f6rne\u011fin, buhar, s\u0131cak su veya elektrik) kullanarak suyu \u0131s\u0131tmak ve bu s\u0131cak suyu bir depoda tutmakt\u0131r.<\/p>\t\t\t\t\t\t\t\t<\/div>\n\t\t\t\t<\/div>\n\t\t\t\t<\/div>\n\t\t\t\t<div class=\"elementor-element elementor-element-52c247c elementor-widget elementor-widget-heading\" data-id=\"52c247c\" data-element_type=\"widget\" data-e-type=\"widget\" data-widget_type=\"heading.default\">\n\t\t\t\t<div class=\"elementor-widget-container\">\n\t\t\t\t\t<h2 class=\"elementor-heading-title elementor-size-default\">Boyler t\u00fcrleri<br><br><\/h2>\t\t\t\t<\/div>\n\t\t\t\t<\/div>\n\t\t\t\t<div class=\"elementor-element elementor-element-39e1b25 elementor-icon-list--layout-traditional elementor-list-item-link-full_width elementor-widget elementor-widget-icon-list\" data-id=\"39e1b25\" data-element_type=\"widget\" data-e-type=\"widget\" data-widget_type=\"icon-list.default\">\n\t\t\t\t<div class=\"elementor-widget-container\">\n\t\t\t\t\t\t\t<ul class=\"elementor-icon-list-items\">\n\t\t\t\t\t\t\t<li class=\"elementor-icon-list-item\">\n\t\t\t\t\t\t\t\t\t\t<span class=\"elementor-icon-list-text\">\u2022 Tek Serpantinli Boyler: Tek bir serpantin boru i\u00e7erir. Kazandan gelen s\u0131cak suyu kullanarak depo i\u00e7indeki suyu \u0131s\u0131t\u0131r.<\/span>\n\t\t\t\t\t\t\t\t\t<\/li>\n\t\t\t\t\t\t\t\t<li class=\"elementor-icon-list-item\">\n\t\t\t\t\t\t\t\t\t\t<span class=\"elementor-icon-list-text\">\u2022 \u00c7ift Serpantinli Boyler: \u0130ki ayr\u0131 serpantin i\u00e7erir. Bir serpantin g\u00fcne\u015f enerjisi sistemine, di\u011feri kazana ba\u011flanabilir.<\/span>\n\t\t\t\t\t\t\t\t\t<\/li>\n\t\t\t\t\t\t\t\t<li class=\"elementor-icon-list-item\">\n\t\t\t\t\t\t\t\t\t\t<span class=\"elementor-icon-list-text\">\u2022 Elektrikli Boyler: Elektrik enerjisi ile \u00e7al\u0131\u015fan \u0131s\u0131t\u0131c\u0131lar i\u00e7erir. Genellikle bireysel kullan\u0131m i\u00e7in uygundur.<\/span>\n\t\t\t\t\t\t\t\t\t<\/li>\n\t\t\t\t\t\t\t\t<li class=\"elementor-icon-list-item\">\n\t\t\t\t\t\t\t\t\t\t<span class=\"elementor-icon-list-text\">\u2022 Buhar Boyler: Bu enerjiyi kullanarak depodaki suyu \u0131s\u0131t\u0131r. Sanayi uygulamalar\u0131nda yayg\u0131nd\u0131r.<\/span>\n\t\t\t\t\t\t\t\t\t<\/li>\n\t\t\t\t\t\t<\/ul>\n\t\t\t\t\t\t<\/div>\n\t\t\t\t<\/div>\n\t\t\t\t<\/div>\n\t\t<div class=\"elementor-element elementor-element-2d053fe e-con-full e-flex wpr-particle-no wpr-jarallax-no wpr-parallax-no wpr-sticky-section-no wpr-column-slider-no wpr-equal-height-no e-con e-child\" data-id=\"2d053fe\" data-element_type=\"container\" data-e-type=\"container\">\n\t\t\t\t<div class=\"elementor-element elementor-element-ba4ac23 elementor-widget elementor-widget-image\" data-id=\"ba4ac23\" data-element_type=\"widget\" data-e-type=\"widget\" data-widget_type=\"image.default\">\n\t\t\t\t<div class=\"elementor-widget-container\">\n\t\t\t\t\t\t\t\t\t\t\t\t\t\t\t<img fetchpriority=\"high\" decoding=\"async\" width=\"300\" height=\"300\" src=\"https:\/\/prosesakademi.net\/wp-content\/uploads\/2025\/01\/image017-300x300.png\" class=\"attachment-medium size-medium wp-image-2142\" alt=\"\" srcset=\"https:\/\/prosesakademi.net\/wp-content\/uploads\/2025\/01\/image017-300x300.png 300w, https:\/\/prosesakademi.net\/wp-content\/uploads\/2025\/01\/image017-150x150.png 150w, https:\/\/prosesakademi.net\/wp-content\/uploads\/2025\/01\/image017-200x200.png 200w, https:\/\/prosesakademi.net\/wp-content\/uploads\/2025\/01\/image017.png 550w\" sizes=\"(max-width: 300px) 100vw, 300px\" \/>\t\t\t\t\t\t\t\t\t\t\t\t\t\t\t<\/div>\n\t\t\t\t<\/div>\n\t\t\t\t<\/div>\n\t\t\t\t\t<\/div>\n\t\t\t\t<\/div>\n\t\t<div class=\"elementor-element elementor-element-846d998 e-flex e-con-boxed wpr-particle-no wpr-jarallax-no wpr-parallax-no wpr-sticky-section-no wpr-column-slider-no wpr-equal-height-no e-con e-parent\" data-id=\"846d998\" data-element_type=\"container\" data-e-type=\"container\">\n\t\t\t\t\t<div class=\"e-con-inner\">\n\t\t<div class=\"elementor-element elementor-element-820c236 e-con-full e-flex wpr-particle-no wpr-jarallax-no wpr-parallax-no wpr-sticky-section-no wpr-column-slider-no wpr-equal-height-no e-con e-child\" data-id=\"820c236\" data-element_type=\"container\" data-e-type=\"container\">\n\t\t<div class=\"elementor-element elementor-element-505170a e-con-full e-flex wpr-particle-no wpr-jarallax-no wpr-parallax-no wpr-sticky-section-no wpr-column-slider-no wpr-equal-height-no e-con e-child\" data-id=\"505170a\" data-element_type=\"container\" data-e-type=\"container\">\n\t\t\t\t<div class=\"elementor-element elementor-element-42a65a6 elementor-widget elementor-widget-heading\" data-id=\"42a65a6\" data-element_type=\"widget\" data-e-type=\"widget\" data-widget_type=\"heading.default\">\n\t\t\t\t<div class=\"elementor-widget-container\">\n\t\t\t\t\t<h2 class=\"elementor-heading-title elementor-size-default\">\u00c7al\u0131\u015fma prensibi<\/h2>\t\t\t\t<\/div>\n\t\t\t\t<\/div>\n\t\t\t\t<div class=\"elementor-element elementor-element-249f47e elementor-widget elementor-widget-text-editor\" data-id=\"249f47e\" data-element_type=\"widget\" data-e-type=\"widget\" data-widget_type=\"text-editor.default\">\n\t\t\t\t<div class=\"elementor-widget-container\">\n\t\t\t\t\t\t\t\t\t<p>\u2022 Bir enerji kayna\u011f\u0131 (\u00f6rne\u011fin, s\u0131cak su veya buhar) serpantin borular\u0131ndan ge\u00e7erek boyler i\u00e7inde bulunan suyu \u0131s\u0131t\u0131r.<\/p><p>\u2022 Is\u0131t\u0131lan su bir depoda saklan\u0131r ve ihtiya\u00e7 an\u0131nda sisteme iletilir.<\/p>\t\t\t\t\t\t\t\t<\/div>\n\t\t\t\t<\/div>\n\t\t\t\t<div class=\"elementor-element elementor-element-b688670 elementor-widget elementor-widget-heading\" data-id=\"b688670\" data-element_type=\"widget\" data-e-type=\"widget\" data-widget_type=\"heading.default\">\n\t\t\t\t<div class=\"elementor-widget-container\">\n\t\t\t\t\t<h2 class=\"elementor-heading-title elementor-size-default\">Avantajlar\u0131<\/h2>\t\t\t\t<\/div>\n\t\t\t\t<\/div>\n\t\t\t\t<div class=\"elementor-element elementor-element-d0d95ab elementor-widget elementor-widget-text-editor\" data-id=\"d0d95ab\" data-element_type=\"widget\" data-e-type=\"widget\" data-widget_type=\"text-editor.default\">\n\t\t\t\t<div class=\"elementor-widget-container\">\n\t\t\t\t\t\t\t\t\t<p>\u2022 S\u00fcrekli s\u0131cak su temin eder.<\/p><p>\u2022 Farkl\u0131 enerji kaynaklar\u0131yla \u00e7al\u0131\u015fabilir.<\/p><p>\u2022 Enerji tasarruflu ve verimlidir.<\/p>\t\t\t\t\t\t\t\t<\/div>\n\t\t\t\t<\/div>\n\t\t\t\t<div class=\"elementor-element elementor-element-f7e9817 elementor-widget elementor-widget-heading\" data-id=\"f7e9817\" data-element_type=\"widget\" data-e-type=\"widget\" data-widget_type=\"heading.default\">\n\t\t\t\t<div class=\"elementor-widget-container\">\n\t\t\t\t\t<h2 class=\"elementor-heading-title elementor-size-default\">Dezavantajlar\u0131<\/h2>\t\t\t\t<\/div>\n\t\t\t\t<\/div>\n\t\t\t\t<div class=\"elementor-element elementor-element-1c1e1fe elementor-widget elementor-widget-text-editor\" data-id=\"1c1e1fe\" data-element_type=\"widget\" data-e-type=\"widget\" data-widget_type=\"text-editor.default\">\n\t\t\t\t<div class=\"elementor-widget-container\">\n\t\t\t\t\t\t\t\t\t<p>\u2022 Korozyon ve kire\u00e7lenme riski.<\/p><p>\u2022Y\u00fcksek s\u0131cakl\u0131k uygulamalar\u0131nda s\u0131z\u0131nt\u0131 sorunlar\u0131.<\/p><p>\u2022D\u00fczenli bak\u0131m gerektirir.<\/p>\t\t\t\t\t\t\t\t<\/div>\n\t\t\t\t<\/div>\n\t\t\t\t<\/div>\n\t\t\t\t<\/div>\n\t\t\t\t\t<\/div>\n\t\t\t\t<\/div>\n\t\t\t\t<\/div>\n\t\t","protected":false},"excerpt":{"rendered":"<p>Boyler Boyler, genellikle s\u0131cak su temini amac\u0131yla kullan\u0131lan bir \u0131s\u0131tma cihaz\u0131d\u0131r. Temel g\u00f6revi, bir enerji kayna\u011f\u0131 (\u00f6rne\u011fin, buhar, s\u0131cak su veya elektrik) kullanarak suyu \u0131s\u0131tmak ve bu s\u0131cak suyu bir depoda tutmakt\u0131r. Boyler t\u00fcrleri \u2022 Tek Serpantinli Boyler: Tek bir serpantin boru i\u00e7erir. Kazandan gelen s\u0131cak suyu kullanarak depo i\u00e7indeki suyu \u0131s\u0131t\u0131r. \u2022 \u00c7ift Serpantinli Boyler: \u0130ki ayr\u0131 serpantin i\u00e7erir. Bir serpantin g\u00fcne\u015f enerjisi sistemine, di\u011feri kazana ba\u011flanabilir. \u2022 Elektrikli Boyler: Elektrik enerjisi ile \u00e7al\u0131\u015fan \u0131s\u0131t\u0131c\u0131lar i\u00e7erir. Genellikle bireysel kullan\u0131m i\u00e7in uygundur. \u2022 Buhar Boyler: Bu enerjiyi kullanarak depodaki suyu \u0131s\u0131t\u0131r. Sanayi uygulamalar\u0131nda yayg\u0131nd\u0131r. \u00c7al\u0131\u015fma prensibi \u2022 Bir enerji kayna\u011f\u0131 (\u00f6rne\u011fin, s\u0131cak su veya buhar) serpantin borular\u0131ndan ge\u00e7erek boyler i\u00e7inde bulunan suyu \u0131s\u0131t\u0131r. \u2022 Is\u0131t\u0131lan su bir depoda saklan\u0131r ve ihtiya\u00e7 an\u0131nda sisteme iletilir. Avantajlar\u0131 \u2022 S\u00fcrekli s\u0131cak su temin eder. \u2022 Farkl\u0131 enerji kaynaklar\u0131yla \u00e7al\u0131\u015fabilir. \u2022 Enerji tasarruflu ve verimlidir. Dezavantajlar\u0131 \u2022 Korozyon ve kire\u00e7lenme riski. \u2022Y\u00fcksek s\u0131cakl\u0131k uygulamalar\u0131nda s\u0131z\u0131nt\u0131 sorunlar\u0131. \u2022D\u00fczenli bak\u0131m gerektirir.<\/p>\n","protected":false},"author":1,"featured_media":2362,"parent":0,"menu_order":0,"comment_status":"closed","ping_status":"closed","template":"elementor_canvas","meta":{"footnotes":""},"class_list":["post-2271","page","type-page","status-publish","has-post-thumbnail","hentry"],"_links":{"self":[{"href":"https:\/\/prosesakademi.net\/index.php?rest_route=\/wp\/v2\/pages\/2271","targetHints":{"allow":["GET"]}}],"collection":[{"href":"https:\/\/prosesakademi.net\/index.php?rest_route=\/wp\/v2\/pages"}],"about":[{"href":"https:\/\/prosesakademi.net\/index.php?rest_route=\/wp\/v2\/types\/page"}],"author":[{"embeddable":true,"href":"https:\/\/prosesakademi.net\/index.php?rest_route=\/wp\/v2\/users\/1"}],"replies":[{"embeddable":true,"href":"https:\/\/prosesakademi.net\/index.php?rest_route=%2Fwp%2Fv2%2Fcomments&post=2271"}],"version-history":[{"count":0,"href":"https:\/\/prosesakademi.net\/index.php?rest_route=\/wp\/v2\/pages\/2271\/revisions"}],"wp:featuredmedia":[{"embeddable":true,"href":"https:\/\/prosesakademi.net\/index.php?rest_route=\/wp\/v2\/media\/2362"}],"wp:attachment":[{"href":"https:\/\/prosesakademi.net\/index.php?rest_route=%2Fwp%2Fv2%2Fmedia&parent=2271"}],"curies":[{"name":"wp","href":"https:\/\/api.w.org\/{rel}","templated":true}]}}