{"id":2280,"date":"2025-01-03T10:43:14","date_gmt":"2025-01-03T10:43:14","guid":{"rendered":"https:\/\/prosesakademi.net\/?page_id=2280"},"modified":"2025-01-13T17:44:27","modified_gmt":"2025-01-13T17:44:27","slug":"akumulasyon-tanki-2","status":"publish","type":"page","link":"https:\/\/prosesakademi.net\/?page_id=2280","title":{"rendered":"Ak\u00fcm\u00fclasyon Tank\u0131"},"content":{"rendered":"\t\t<div data-elementor-type=\"wp-page\" data-elementor-id=\"2280\" class=\"elementor elementor-2280\">\n\t\t\t\t\t\t<section class=\"elementor-section elementor-top-section elementor-element elementor-element-1d3a2faa elementor-section-content-middle elementor-section-boxed elementor-section-height-default elementor-section-height-default wpr-particle-no wpr-jarallax-no wpr-parallax-no wpr-sticky-section-no wpr-column-slider-no wpr-equal-height-no\" data-id=\"1d3a2faa\" data-element_type=\"section\" data-e-type=\"section\" data-settings=\"{&quot;background_background&quot;:&quot;classic&quot;}\">\n\t\t\t\t\t\t\t<div class=\"elementor-background-overlay\"><\/div>\n\t\t\t\t\t\t\t<div class=\"elementor-container elementor-column-gap-default\">\n\t\t\t\t\t<div class=\"elementor-column elementor-col-100 elementor-top-column elementor-element elementor-element-1360621d\" data-id=\"1360621d\" data-element_type=\"column\" data-e-type=\"column\">\n\t\t\t<div class=\"elementor-widget-wrap\">\n\t\t\t\t\t\t\t<\/div>\n\t\t<\/div>\n\t\t\t\t\t<\/div>\n\t\t<\/section>\n\t\t<div class=\"elementor-element elementor-element-26fd1e3 e-flex e-con-boxed wpr-particle-no wpr-jarallax-no wpr-parallax-no wpr-sticky-section-no wpr-column-slider-no wpr-equal-height-no e-con e-parent\" data-id=\"26fd1e3\" data-element_type=\"container\" data-e-type=\"container\">\n\t\t\t\t\t<div class=\"e-con-inner\">\n\t\t\t\t<div class=\"elementor-element elementor-element-f724e56 elementor-widget elementor-widget-heading\" data-id=\"f724e56\" data-element_type=\"widget\" data-e-type=\"widget\" data-widget_type=\"heading.default\">\n\t\t\t\t<div class=\"elementor-widget-container\">\n\t\t\t\t\t<h2 class=\"elementor-heading-title elementor-size-default\">Ak\u00fcm\u00fclasyon Tank\u0131 Nedir?<\/h2>\t\t\t\t<\/div>\n\t\t\t\t<\/div>\n\t\t\t\t\t<\/div>\n\t\t\t\t<\/div>\n\t\t<div class=\"elementor-element elementor-element-168c492 e-flex e-con-boxed wpr-particle-no wpr-jarallax-no wpr-parallax-no wpr-sticky-section-no wpr-column-slider-no wpr-equal-height-no e-con e-parent\" data-id=\"168c492\" data-element_type=\"container\" data-e-type=\"container\">\n\t\t\t\t\t<div class=\"e-con-inner\">\n\t\t<div class=\"elementor-element elementor-element-0b9d937 e-con-full e-flex wpr-particle-no wpr-jarallax-no wpr-parallax-no wpr-sticky-section-no wpr-column-slider-no wpr-equal-height-no e-con e-child\" data-id=\"0b9d937\" data-element_type=\"container\" data-e-type=\"container\">\n\t\t<div class=\"elementor-element elementor-element-56ac243 e-con-full e-flex wpr-particle-no wpr-jarallax-no wpr-parallax-no wpr-sticky-section-no wpr-column-slider-no wpr-equal-height-no e-con e-child\" data-id=\"56ac243\" data-element_type=\"container\" data-e-type=\"container\">\n\t\t\t\t<div class=\"elementor-element elementor-element-d01999c elementor-widget elementor-widget-text-editor\" data-id=\"d01999c\" data-element_type=\"widget\" data-e-type=\"widget\" data-widget_type=\"text-editor.default\">\n\t\t\t\t<div class=\"elementor-widget-container\">\n\t\t\t\t\t\t\t\t\t<p>Ak\u00fcm\u00fclasyon tank\u0131, enerji depolama amac\u0131yla kullan\u0131lan bir \u0131s\u0131 deposudur. Sistemde enerji talebi ile enerji \u00fcretimi aras\u0131ndaki dalgalanmalar\u0131 dengelemek i\u00e7in kullan\u0131l\u0131r.<\/p>\t\t\t\t\t\t\t\t<\/div>\n\t\t\t\t<\/div>\n\t\t\t\t<\/div>\n\t\t\t\t<div class=\"elementor-element elementor-element-52c247c elementor-widget elementor-widget-heading\" data-id=\"52c247c\" data-element_type=\"widget\" data-e-type=\"widget\" data-widget_type=\"heading.default\">\n\t\t\t\t<div class=\"elementor-widget-container\">\n\t\t\t\t\t<h2 class=\"elementor-heading-title elementor-size-default\">Ak\u00fcm\u00fclasyon Tank\u0131n\u0131n T\u00fcrleri<\/h2>\t\t\t\t<\/div>\n\t\t\t\t<\/div>\n\t\t\t\t<div class=\"elementor-element elementor-element-ccc3a7f elementor-icon-list--layout-traditional elementor-list-item-link-full_width elementor-widget elementor-widget-icon-list\" data-id=\"ccc3a7f\" data-element_type=\"widget\" data-e-type=\"widget\" data-widget_type=\"icon-list.default\">\n\t\t\t\t<div class=\"elementor-widget-container\">\n\t\t\t\t\t\t\t<ul class=\"elementor-icon-list-items\">\n\t\t\t\t\t\t\t<li class=\"elementor-icon-list-item\">\n\t\t\t\t\t\t\t\t\t\t<span class=\"elementor-icon-list-text\">\u2022 Is\u0131tma Sistemleri i\u00e7in Ak\u00fcm\u00fclasyon Tanklar\u0131: S\u0131cak suyu depolar ve gerekti\u011finde \u0131s\u0131tma sistemine g\u00f6nderir. Genelde kat\u0131 yak\u0131tl\u0131 kazanlarla kullan\u0131l\u0131r.<\/span>\n\t\t\t\t\t\t\t\t\t<\/li>\n\t\t\t\t\t\t\t\t<li class=\"elementor-icon-list-item\">\n\t\t\t\t\t\t\t\t\t\t<span class=\"elementor-icon-list-text\">\u2022 So\u011futma Sistemleri i\u00e7in Ak\u00fcm\u00fclasyon Tanklar\u0131: So\u011fuk suyu depolar ve so\u011futma ihtiyac\u0131n\u0131 kar\u015f\u0131lar.<\/span>\n\t\t\t\t\t\t\t\t\t<\/li>\n\t\t\t\t\t\t\t\t<li class=\"elementor-icon-list-item\">\n\t\t\t\t\t\t\t\t\t\t<span class=\"elementor-icon-list-text\">\u2022 Enerji Depolama Tanklar\u0131: G\u00fcne\u015f enerjisi veya \u0131s\u0131 pompalar\u0131 ile entegre \u00e7al\u0131\u015f\u0131r.<\/span>\n\t\t\t\t\t\t\t\t\t<\/li>\n\t\t\t\t\t\t\t\t<li class=\"elementor-icon-list-item\">\n\t\t\t\t\t\t\t\t\t\t<span class=\"elementor-icon-list-text\">\u2022 Buhar Boyler: Bu enerjiyi kullanarak depodaki suyu \u0131s\u0131t\u0131r. Sanayi uygulamalar\u0131nda yayg\u0131nd\u0131r.<\/span>\n\t\t\t\t\t\t\t\t\t<\/li>\n\t\t\t\t\t\t<\/ul>\n\t\t\t\t\t\t<\/div>\n\t\t\t\t<\/div>\n\t\t\t\t<\/div>\n\t\t<div class=\"elementor-element elementor-element-2d053fe e-con-full e-flex wpr-particle-no wpr-jarallax-no wpr-parallax-no wpr-sticky-section-no wpr-column-slider-no wpr-equal-height-no e-con e-child\" data-id=\"2d053fe\" data-element_type=\"container\" data-e-type=\"container\">\n\t\t\t\t<div class=\"elementor-element elementor-element-ba4ac23 elementor-widget elementor-widget-image\" data-id=\"ba4ac23\" data-element_type=\"widget\" data-e-type=\"widget\" data-widget_type=\"image.default\">\n\t\t\t\t<div class=\"elementor-widget-container\">\n\t\t\t\t\t\t\t\t\t\t\t\t\t\t\t<img fetchpriority=\"high\" decoding=\"async\" width=\"300\" height=\"300\" src=\"https:\/\/prosesakademi.net\/wp-content\/uploads\/2025\/01\/uru-1-300x300.png\" class=\"attachment-medium size-medium wp-image-2468\" alt=\"\" srcset=\"https:\/\/prosesakademi.net\/wp-content\/uploads\/2025\/01\/uru-1-300x300.png 300w, https:\/\/prosesakademi.net\/wp-content\/uploads\/2025\/01\/uru-1-150x150.png 150w, https:\/\/prosesakademi.net\/wp-content\/uploads\/2025\/01\/uru-1-200x200.png 200w, https:\/\/prosesakademi.net\/wp-content\/uploads\/2025\/01\/uru-1.png 400w\" sizes=\"(max-width: 300px) 100vw, 300px\" \/>\t\t\t\t\t\t\t\t\t\t\t\t\t\t\t<\/div>\n\t\t\t\t<\/div>\n\t\t\t\t<\/div>\n\t\t\t\t\t<\/div>\n\t\t\t\t<\/div>\n\t\t<div class=\"elementor-element elementor-element-846d998 e-flex e-con-boxed wpr-particle-no wpr-jarallax-no wpr-parallax-no wpr-sticky-section-no wpr-column-slider-no wpr-equal-height-no e-con e-parent\" data-id=\"846d998\" data-element_type=\"container\" data-e-type=\"container\">\n\t\t\t\t\t<div class=\"e-con-inner\">\n\t\t<div class=\"elementor-element elementor-element-820c236 e-con-full e-flex wpr-particle-no wpr-jarallax-no wpr-parallax-no wpr-sticky-section-no wpr-column-slider-no wpr-equal-height-no e-con e-child\" data-id=\"820c236\" data-element_type=\"container\" data-e-type=\"container\">\n\t\t<div class=\"elementor-element elementor-element-505170a e-con-full e-flex wpr-particle-no wpr-jarallax-no wpr-parallax-no wpr-sticky-section-no wpr-column-slider-no wpr-equal-height-no e-con e-child\" data-id=\"505170a\" data-element_type=\"container\" data-e-type=\"container\">\n\t\t\t\t<div class=\"elementor-element elementor-element-42a65a6 elementor-widget elementor-widget-heading\" data-id=\"42a65a6\" data-element_type=\"widget\" data-e-type=\"widget\" data-widget_type=\"heading.default\">\n\t\t\t\t<div class=\"elementor-widget-container\">\n\t\t\t\t\t<h2 class=\"elementor-heading-title elementor-size-default\">\u00c7al\u0131\u015fma prensibi<\/h2>\t\t\t\t<\/div>\n\t\t\t\t<\/div>\n\t\t\t\t<div class=\"elementor-element elementor-element-609afd5 elementor-widget elementor-widget-text-editor\" data-id=\"609afd5\" data-element_type=\"widget\" data-e-type=\"widget\" data-widget_type=\"text-editor.default\">\n\t\t\t\t<div class=\"elementor-widget-container\">\n\t\t\t\t\t\t\t\t\t<p>\u2022 Ak\u00fcm\u00fclasyon tank\u0131, sistemin ihtiya\u00e7 fazlas\u0131 enerjisini (\u0131s\u0131t\u0131lm\u0131\u015f veya so\u011futulmu\u015f suyu) depolar.<\/p><p>\u2022 Talep oldu\u011funda bu enerji sisteme geri kazand\u0131r\u0131l\u0131r.<\/p>\t\t\t\t\t\t\t\t<\/div>\n\t\t\t\t<\/div>\n\t\t\t\t<\/div>\n\t\t\t\t<\/div>\n\t\t\t\t\t<\/div>\n\t\t\t\t<\/div>\n\t\t\t\t<\/div>\n\t\t","protected":false},"excerpt":{"rendered":"<p>Ak\u00fcm\u00fclasyon Tank\u0131 Nedir? Ak\u00fcm\u00fclasyon tank\u0131, enerji depolama amac\u0131yla kullan\u0131lan bir \u0131s\u0131 deposudur. Sistemde enerji talebi ile enerji \u00fcretimi aras\u0131ndaki dalgalanmalar\u0131 dengelemek i\u00e7in kullan\u0131l\u0131r. Ak\u00fcm\u00fclasyon Tank\u0131n\u0131n T\u00fcrleri \u2022 Is\u0131tma Sistemleri i\u00e7in Ak\u00fcm\u00fclasyon Tanklar\u0131: S\u0131cak suyu depolar ve gerekti\u011finde \u0131s\u0131tma sistemine g\u00f6nderir. Genelde kat\u0131 yak\u0131tl\u0131 kazanlarla kullan\u0131l\u0131r. \u2022 So\u011futma Sistemleri i\u00e7in Ak\u00fcm\u00fclasyon Tanklar\u0131: So\u011fuk suyu depolar ve so\u011futma ihtiyac\u0131n\u0131 kar\u015f\u0131lar. \u2022 Enerji Depolama Tanklar\u0131: G\u00fcne\u015f enerjisi veya \u0131s\u0131 pompalar\u0131 ile entegre \u00e7al\u0131\u015f\u0131r. \u2022 Buhar Boyler: Bu enerjiyi kullanarak depodaki suyu \u0131s\u0131t\u0131r. Sanayi uygulamalar\u0131nda yayg\u0131nd\u0131r. \u00c7al\u0131\u015fma prensibi \u2022 Ak\u00fcm\u00fclasyon tank\u0131, sistemin ihtiya\u00e7 fazlas\u0131 enerjisini (\u0131s\u0131t\u0131lm\u0131\u015f veya so\u011futulmu\u015f suyu) depolar. \u2022 Talep oldu\u011funda bu enerji sisteme geri kazand\u0131r\u0131l\u0131r.<\/p>\n","protected":false},"author":1,"featured_media":2468,"parent":0,"menu_order":0,"comment_status":"closed","ping_status":"closed","template":"elementor_canvas","meta":{"footnotes":""},"class_list":["post-2280","page","type-page","status-publish","has-post-thumbnail","hentry"],"_links":{"self":[{"href":"https:\/\/prosesakademi.net\/index.php?rest_route=\/wp\/v2\/pages\/2280","targetHints":{"allow":["GET"]}}],"collection":[{"href":"https:\/\/prosesakademi.net\/index.php?rest_route=\/wp\/v2\/pages"}],"about":[{"href":"https:\/\/prosesakademi.net\/index.php?rest_route=\/wp\/v2\/types\/page"}],"author":[{"embeddable":true,"href":"https:\/\/prosesakademi.net\/index.php?rest_route=\/wp\/v2\/users\/1"}],"replies":[{"embeddable":true,"href":"https:\/\/prosesakademi.net\/index.php?rest_route=%2Fwp%2Fv2%2Fcomments&post=2280"}],"version-history":[{"count":0,"href":"https:\/\/prosesakademi.net\/index.php?rest_route=\/wp\/v2\/pages\/2280\/revisions"}],"wp:featuredmedia":[{"embeddable":true,"href":"https:\/\/prosesakademi.net\/index.php?rest_route=\/wp\/v2\/media\/2468"}],"wp:attachment":[{"href":"https:\/\/prosesakademi.net\/index.php?rest_route=%2Fwp%2Fv2%2Fmedia&parent=2280"}],"curies":[{"name":"wp","href":"https:\/\/api.w.org\/{rel}","templated":true}]}}