{"id":2292,"date":"2025-01-04T10:52:08","date_gmt":"2025-01-04T10:52:08","guid":{"rendered":"https:\/\/prosesakademi.net\/?page_id=2292"},"modified":"2025-01-14T08:21:23","modified_gmt":"2025-01-14T08:21:23","slug":"chiller-su-sogutma-gruplari","status":"publish","type":"page","link":"https:\/\/prosesakademi.net\/?page_id=2292","title":{"rendered":"Chiller Su So\u011futma Gruplar\u0131"},"content":{"rendered":"\t\t<div data-elementor-type=\"wp-page\" data-elementor-id=\"2292\" class=\"elementor elementor-2292\">\n\t\t\t\t\t\t<section class=\"elementor-section elementor-top-section elementor-element elementor-element-1d3a2faa elementor-section-content-middle elementor-section-boxed elementor-section-height-default elementor-section-height-default wpr-particle-no wpr-jarallax-no wpr-parallax-no wpr-sticky-section-no wpr-column-slider-no wpr-equal-height-no\" data-id=\"1d3a2faa\" data-element_type=\"section\" data-e-type=\"section\" data-settings=\"{&quot;background_background&quot;:&quot;classic&quot;}\">\n\t\t\t\t\t\t\t<div class=\"elementor-background-overlay\"><\/div>\n\t\t\t\t\t\t\t<div class=\"elementor-container elementor-column-gap-default\">\n\t\t\t\t\t<div class=\"elementor-column elementor-col-100 elementor-top-column elementor-element elementor-element-1360621d\" data-id=\"1360621d\" data-element_type=\"column\" data-e-type=\"column\">\n\t\t\t<div class=\"elementor-widget-wrap\">\n\t\t\t\t\t\t\t<\/div>\n\t\t<\/div>\n\t\t\t\t\t<\/div>\n\t\t<\/section>\n\t\t<div class=\"elementor-element elementor-element-096d003 e-flex e-con-boxed wpr-particle-no wpr-jarallax-no wpr-parallax-no wpr-sticky-section-no wpr-column-slider-no wpr-equal-height-no e-con e-parent\" data-id=\"096d003\" data-element_type=\"container\" data-e-type=\"container\">\n\t\t\t\t\t<div class=\"e-con-inner\">\n\t\t\t\t<div class=\"elementor-element elementor-element-0cacdca elementor-widget elementor-widget-heading\" data-id=\"0cacdca\" data-element_type=\"widget\" data-e-type=\"widget\" data-widget_type=\"heading.default\">\n\t\t\t\t<div class=\"elementor-widget-container\">\n\t\t\t\t\t<h2 class=\"elementor-heading-title elementor-size-default\">Chiller Su So\u011futma Gruplar\u0131<\/h2>\t\t\t\t<\/div>\n\t\t\t\t<\/div>\n\t\t\t\t\t<\/div>\n\t\t\t\t<\/div>\n\t\t<div class=\"elementor-element elementor-element-168c492 e-flex e-con-boxed wpr-particle-no wpr-jarallax-no wpr-parallax-no wpr-sticky-section-no wpr-column-slider-no wpr-equal-height-no e-con e-parent\" data-id=\"168c492\" data-element_type=\"container\" data-e-type=\"container\">\n\t\t\t\t\t<div class=\"e-con-inner\">\n\t\t<div class=\"elementor-element elementor-element-0b9d937 e-con-full e-flex wpr-particle-no wpr-jarallax-no wpr-parallax-no wpr-sticky-section-no wpr-column-slider-no wpr-equal-height-no e-con e-child\" data-id=\"0b9d937\" data-element_type=\"container\" data-e-type=\"container\">\n\t\t<div class=\"elementor-element elementor-element-56ac243 e-con-full e-flex wpr-particle-no wpr-jarallax-no wpr-parallax-no wpr-sticky-section-no wpr-column-slider-no wpr-equal-height-no e-con e-child\" data-id=\"56ac243\" data-element_type=\"container\" data-e-type=\"container\">\n\t\t\t\t<div class=\"elementor-element elementor-element-d01999c elementor-widget elementor-widget-text-editor\" data-id=\"d01999c\" data-element_type=\"widget\" data-e-type=\"widget\" data-widget_type=\"text-editor.default\">\n\t\t\t\t<div class=\"elementor-widget-container\">\n\t\t\t\t\t\t\t\t\t<p>10 &#8211; 1000 kW aras\u0131 end\u00fcstriyel so\u011futma ihtiya\u00e7lar\u0131na y\u00f6nelik tasarlanm\u0131\u015ft\u0131r. Hava so\u011futmal\u0131 olan chiller su so\u011futucu cihazlar\u0131 tank\u0131 ve su pompas\u0131 entegre olarak monoblok \u00fcnitelerdir. Her cihaz imalattan sonra test edilip tam m\u00fckemmeliyet onay\u0131 ald\u0131ktan sonra sevk edilmektedir. Dolay\u0131s\u0131yla cihazlar en a\u011f\u0131r \u00e7evre ve y\u00fck \u015fartlar\u0131 alt\u0131nda dahi tam performans ile \u00e7al\u0131\u015fmaktad\u0131r.<br \/><br \/>\u00b7 Y\u00fcksek verimli Scroll veya Vidal\u0131 tip kompres\u00f6rler<\/p><p>\u00b7 Ozon tabakas\u0131na zarar vermeyen \u00e7evre dostu HFC tip so\u011futucu gaz\u0131<\/p><p>\u00b7 Her t\u00fcrl\u00fc i\u00e7 ve d\u0131\u015f ortam s\u0131cakl\u0131\u011f\u0131nda beklenen kapasiteyi sa\u011flamak i\u00e7in geli\u015ftirilmi\u015f kondenserler<\/p><p>\u00b7 Kompres\u00f6r,pompa ve fanlar\u0131 M.K.\u015e. ve devre kesici sigortalarla koruyan elektrik pano sistemi<\/p><p>\u00b7 So\u011futma sistemi i\u00e7in gerekli y\u00fcksek g\u00fcvenlik ekipmanlar\u0131<\/p><p>\u00b7 CE 2006\/95\/EC standartlar\u0131nda g\u00fc\u00e7 ve kontrol panosu<\/p><p>\u00b7 \u00dcniteler voltaj d\u00fczensizli\u011fine (+\/-%10) ve faz eksikli\u011fine kar\u015f\u0131 korumaya sahiptir.<\/p>\t\t\t\t\t\t\t\t<\/div>\n\t\t\t\t<\/div>\n\t\t\t\t<\/div>\n\t\t\t\t<\/div>\n\t\t<div class=\"elementor-element elementor-element-2d053fe e-con-full e-flex wpr-particle-no wpr-jarallax-no wpr-parallax-no wpr-sticky-section-no wpr-column-slider-no wpr-equal-height-no e-con e-child\" data-id=\"2d053fe\" data-element_type=\"container\" data-e-type=\"container\">\n\t\t\t\t<div class=\"elementor-element elementor-element-ba4ac23 elementor-widget elementor-widget-image\" data-id=\"ba4ac23\" data-element_type=\"widget\" data-e-type=\"widget\" data-widget_type=\"image.default\">\n\t\t\t\t<div class=\"elementor-widget-container\">\n\t\t\t\t\t\t\t\t\t\t\t\t\t\t\t<img fetchpriority=\"high\" decoding=\"async\" width=\"899\" height=\"786\" src=\"https:\/\/prosesakademi.net\/wp-content\/uploads\/2025\/01\/image020.jpg\" class=\"attachment-large size-large wp-image-2139\" alt=\"\" srcset=\"https:\/\/prosesakademi.net\/wp-content\/uploads\/2025\/01\/image020.jpg 899w, https:\/\/prosesakademi.net\/wp-content\/uploads\/2025\/01\/image020-300x262.jpg 300w, https:\/\/prosesakademi.net\/wp-content\/uploads\/2025\/01\/image020-768x671.jpg 768w, https:\/\/prosesakademi.net\/wp-content\/uploads\/2025\/01\/image020-200x175.jpg 200w\" sizes=\"(max-width: 899px) 100vw, 899px\" \/>\t\t\t\t\t\t\t\t\t\t\t\t\t\t\t<\/div>\n\t\t\t\t<\/div>\n\t\t\t\t<\/div>\n\t\t\t\t\t<\/div>\n\t\t\t\t<\/div>\n\t\t\t\t<\/div>\n\t\t","protected":false},"excerpt":{"rendered":"<p>Chiller Su So\u011futma Gruplar\u0131 10 &#8211; 1000 kW aras\u0131 end\u00fcstriyel so\u011futma ihtiya\u00e7lar\u0131na y\u00f6nelik tasarlanm\u0131\u015ft\u0131r. Hava so\u011futmal\u0131 olan chiller su so\u011futucu cihazlar\u0131 tank\u0131 ve su pompas\u0131 entegre olarak monoblok \u00fcnitelerdir. Her cihaz imalattan sonra test edilip tam m\u00fckemmeliyet onay\u0131 ald\u0131ktan sonra sevk edilmektedir. Dolay\u0131s\u0131yla cihazlar en a\u011f\u0131r \u00e7evre ve y\u00fck \u015fartlar\u0131 alt\u0131nda dahi tam performans ile \u00e7al\u0131\u015fmaktad\u0131r. \u00b7 Y\u00fcksek verimli Scroll veya Vidal\u0131 tip kompres\u00f6rler \u00b7 Ozon tabakas\u0131na zarar vermeyen \u00e7evre dostu HFC tip so\u011futucu gaz\u0131 \u00b7 Her t\u00fcrl\u00fc i\u00e7 ve d\u0131\u015f ortam s\u0131cakl\u0131\u011f\u0131nda beklenen kapasiteyi sa\u011flamak i\u00e7in geli\u015ftirilmi\u015f kondenserler \u00b7 Kompres\u00f6r,pompa ve fanlar\u0131 M.K.\u015e. ve devre kesici sigortalarla koruyan elektrik pano sistemi \u00b7 So\u011futma sistemi i\u00e7in gerekli y\u00fcksek g\u00fcvenlik ekipmanlar\u0131 \u00b7 CE 2006\/95\/EC standartlar\u0131nda g\u00fc\u00e7 ve kontrol panosu \u00b7 \u00dcniteler voltaj d\u00fczensizli\u011fine (+\/-%10) ve faz eksikli\u011fine kar\u015f\u0131 korumaya sahiptir.<\/p>\n","protected":false},"author":1,"featured_media":2366,"parent":0,"menu_order":0,"comment_status":"closed","ping_status":"closed","template":"elementor_canvas","meta":{"footnotes":""},"class_list":["post-2292","page","type-page","status-publish","has-post-thumbnail","hentry"],"_links":{"self":[{"href":"https:\/\/prosesakademi.net\/index.php?rest_route=\/wp\/v2\/pages\/2292","targetHints":{"allow":["GET"]}}],"collection":[{"href":"https:\/\/prosesakademi.net\/index.php?rest_route=\/wp\/v2\/pages"}],"about":[{"href":"https:\/\/prosesakademi.net\/index.php?rest_route=\/wp\/v2\/types\/page"}],"author":[{"embeddable":true,"href":"https:\/\/prosesakademi.net\/index.php?rest_route=\/wp\/v2\/users\/1"}],"replies":[{"embeddable":true,"href":"https:\/\/prosesakademi.net\/index.php?rest_route=%2Fwp%2Fv2%2Fcomments&post=2292"}],"version-history":[{"count":0,"href":"https:\/\/prosesakademi.net\/index.php?rest_route=\/wp\/v2\/pages\/2292\/revisions"}],"wp:featuredmedia":[{"embeddable":true,"href":"https:\/\/prosesakademi.net\/index.php?rest_route=\/wp\/v2\/media\/2366"}],"wp:attachment":[{"href":"https:\/\/prosesakademi.net\/index.php?rest_route=%2Fwp%2Fv2%2Fmedia&parent=2292"}],"curies":[{"name":"wp","href":"https:\/\/api.w.org\/{rel}","templated":true}]}}