{"id":2748,"date":"2025-01-13T00:42:37","date_gmt":"2025-01-13T00:42:37","guid":{"rendered":"https:\/\/prosesakademi.net\/?page_id=2748"},"modified":"2025-01-13T01:45:54","modified_gmt":"2025-01-13T01:45:54","slug":"vizyonumuz","status":"publish","type":"page","link":"https:\/\/prosesakademi.net\/?page_id=2748","title":{"rendered":"Vizyonumuz"},"content":{"rendered":"\t\t<div data-elementor-type=\"wp-page\" data-elementor-id=\"2748\" class=\"elementor elementor-2748\">\n\t\t\t\t\t\t<section class=\"elementor-section elementor-top-section elementor-element elementor-element-45387db elementor-section-content-middle elementor-section-full_width elementor-section-height-default elementor-section-height-default wpr-particle-no wpr-jarallax-no wpr-parallax-no wpr-sticky-section-no wpr-column-slider-no wpr-equal-height-no\" data-id=\"45387db\" data-element_type=\"section\" data-e-type=\"section\" data-settings=\"{&quot;background_background&quot;:&quot;classic&quot;}\">\n\t\t\t\t\t\t\t<div class=\"elementor-background-overlay\"><\/div>\n\t\t\t\t\t\t\t<div class=\"elementor-container elementor-column-gap-default\">\n\t\t\t\t\t<div class=\"elementor-column elementor-col-100 elementor-top-column elementor-element elementor-element-544a098\" data-id=\"544a098\" data-element_type=\"column\" data-e-type=\"column\">\n\t\t\t<div class=\"elementor-widget-wrap\">\n\t\t\t\t\t\t\t<\/div>\n\t\t<\/div>\n\t\t\t\t\t<\/div>\n\t\t<\/section>\n\t\t<div class=\"elementor-element elementor-element-cc03c9d e-flex e-con-boxed wpr-particle-no wpr-jarallax-no wpr-parallax-no wpr-sticky-section-no wpr-column-slider-no wpr-equal-height-no e-con e-parent\" data-id=\"cc03c9d\" data-element_type=\"container\" data-e-type=\"container\" data-settings=\"{&quot;background_background&quot;:&quot;classic&quot;}\">\n\t\t\t\t\t<div class=\"e-con-inner\">\n\t\t\t\t<div class=\"elementor-element elementor-element-48b12f9 wpr-fancy-text-slide wpr-advanced-text-style-animated wpr-animated-text-infinite-yes elementor-invisible elementor-widget elementor-widget-wpr-advanced-text\" data-id=\"48b12f9\" data-element_type=\"widget\" data-e-type=\"widget\" data-settings=\"{&quot;_animation&quot;:&quot;zoomIn&quot;,&quot;_animation_delay&quot;:100,&quot;anim_loop&quot;:&quot;yes&quot;}\" data-widget_type=\"wpr-advanced-text.default\">\n\t\t\t\t<div class=\"elementor-widget-container\">\n\t\t\t\t\t\n\t\t<h1 class=\"wpr-advanced-text\">\n\n\t\t\t\t\t\n\t\t\t\n\t\t<span class=\"wpr-anim-text wpr-anim-text-type-slide\" data-anim-duration=\"1700,2500\" data-anim-loop=\"yes\">\n\t\t\t<span class=\"wpr-anim-text-inner\">\n\t\t\t\t\t\t\t\t\t<b>Vizyonumuz<\/b>\n\t\t\t\t\t\t\t<\/span>\n\t\t\t\t\t<\/span>\n\n\t\t\t\t\n\t\t<\/h1>\n\t\t\n\t\t\t\t\t\t<\/div>\n\t\t\t\t<\/div>\n\t\t\t\t\t<\/div>\n\t\t\t\t<\/div>\n\t\t\t\t<section class=\"elementor-section elementor-top-section elementor-element elementor-element-adc7ef4 elementor-section-boxed elementor-section-height-default elementor-section-height-default wpr-particle-no wpr-jarallax-no wpr-parallax-no wpr-sticky-section-no wpr-column-slider-no wpr-equal-height-no\" data-id=\"adc7ef4\" data-element_type=\"section\" data-e-type=\"section\" data-settings=\"{&quot;background_background&quot;:&quot;classic&quot;}\">\n\t\t\t\t\t\t<div class=\"elementor-container elementor-column-gap-wide\">\n\t\t\t\t\t<div class=\"elementor-column elementor-col-50 elementor-top-column elementor-element elementor-element-77aeab6 elementor-hidden-tablet elementor-hidden-mobile elementor-invisible\" data-id=\"77aeab6\" data-element_type=\"column\" data-e-type=\"column\" data-settings=\"{&quot;animation&quot;:&quot;slideInLeft&quot;}\">\n\t\t\t<div class=\"elementor-widget-wrap elementor-element-populated\">\n\t\t\t\t\t\t<div class=\"elementor-element elementor-element-2905f5e elementor-widget__width-initial elementor-widget elementor-widget-image\" data-id=\"2905f5e\" data-element_type=\"widget\" data-e-type=\"widget\" data-widget_type=\"image.default\">\n\t\t\t\t<div class=\"elementor-widget-container\">\n\t\t\t\t\t\t\t\t\t\t\t\t\t\t\t<img fetchpriority=\"high\" decoding=\"async\" width=\"800\" height=\"507\" src=\"https:\/\/prosesakademi.net\/wp-content\/uploads\/2025\/01\/ilke.jpg\" class=\"attachment-full size-full wp-image-2607\" alt=\"\" srcset=\"https:\/\/prosesakademi.net\/wp-content\/uploads\/2025\/01\/ilke.jpg 800w, https:\/\/prosesakademi.net\/wp-content\/uploads\/2025\/01\/ilke-300x190.jpg 300w, https:\/\/prosesakademi.net\/wp-content\/uploads\/2025\/01\/ilke-768x487.jpg 768w, https:\/\/prosesakademi.net\/wp-content\/uploads\/2025\/01\/ilke-200x127.jpg 200w\" sizes=\"(max-width: 800px) 100vw, 800px\" \/>\t\t\t\t\t\t\t\t\t\t\t\t\t\t\t<\/div>\n\t\t\t\t<\/div>\n\t\t\t\t\t<\/div>\n\t\t<\/div>\n\t\t\t\t<div class=\"elementor-column elementor-col-50 elementor-top-column elementor-element elementor-element-972c1d9 elementor-invisible\" data-id=\"972c1d9\" data-element_type=\"column\" data-e-type=\"column\" data-settings=\"{&quot;animation&quot;:&quot;slideInRight&quot;}\">\n\t\t\t<div class=\"elementor-widget-wrap elementor-element-populated\">\n\t\t\t\t\t\t<div class=\"elementor-element elementor-element-8bf6ac2 elementor-widget elementor-widget-text-editor\" data-id=\"8bf6ac2\" data-element_type=\"widget\" data-e-type=\"widget\" data-widget_type=\"text-editor.default\">\n\t\t\t\t<div class=\"elementor-widget-container\">\n\t\t\t\t\t\t\t\t\t<p>\u00dclkemizin enerjideki d\u0131\u015fa ba\u011f\u0131ml\u0131l\u0131\u011f\u0131n\u0131 azaltmak ,karbon sal\u0131m\u0131n\u0131 d\u00fc\u015f\u00fcrerek \u00e7evremizi daha ya\u015fanabilir k\u0131lmak.<\/p>\t\t\t\t\t\t\t\t<\/div>\n\t\t\t\t<\/div>\n\t\t\t\t\t<\/div>\n\t\t<\/div>\n\t\t\t\t\t<\/div>\n\t\t<\/section>\n\t\t<div class=\"elementor-element elementor-element-da4f91a e-flex e-con-boxed wpr-particle-no wpr-jarallax-no wpr-parallax-no wpr-sticky-section-no wpr-column-slider-no wpr-equal-height-no e-con e-parent\" data-id=\"da4f91a\" data-element_type=\"container\" data-e-type=\"container\">\n\t\t\t\t\t<div class=\"e-con-inner\">\n\t\t\t\t<div class=\"elementor-element elementor-element-7f90828 wpr-advanced-accordion-icon-no-box elementor-hidden-desktop elementor-hidden-laptop elementor-hidden-tablet elementor-hidden-mobile elementor-widget elementor-widget-wpr-advanced-accordion\" data-id=\"7f90828\" data-element_type=\"widget\" data-e-type=\"widget\" data-settings=\"{&quot;active_item&quot;:1}\" data-widget_type=\"wpr-advanced-accordion.default\">\n\t\t\t\t<div class=\"elementor-widget-container\">\n\t\t\t\t\t\n            <div class=\"wpr-advanced-accordion\" data-accordion-type=\"accordion\" data-active-index=\"1\" data-accordion-trigger=\"click\" data-interaction-speed=\"0.4\">\n\n\t\t\t\n                \n\t\t\t\t\t<div class=\"wpr-accordion-item-wrap\">\n\t\t\t\t\t\t<button class=\"wpr-acc-button\">\n\t\t\t\t\t\t\t<span class=\"wpr-acc-item-title\">\n\t\t\t\t\t\t\t\t\t\t\t\t<span class=\"wpr-title-icon\">\n\t\t\t\t\t\t\t\t\t<\/span>\n\t\t\t\n\t\t\t\t\t\t\t\t<span class=\"wpr-acc-title-text\">Cari Kayd\u0131m\u0131 Nas\u0131l Olu\u015fturabilirim ?<\/span>\n\t\t\t\t\t\t\t<\/span>\n\t\t\t\t\t\t\t\t\t\t\t<span class=\"wpr-toggle-icon wpr-ti-close\"><svg aria-hidden=\"true\" class=\"e-font-icon-svg e-fas-caret-down\" viewBox=\"0 0 320 512\" xmlns=\"http:\/\/www.w3.org\/2000\/svg\"><path d=\"M31.3 192h257.3c17.8 0 26.7 21.5 14.1 34.1L174.1 354.8c-7.8 7.8-20.5 7.8-28.3 0L17.2 226.1C4.6 213.5 13.5 192 31.3 192z\"><\/path><\/svg><\/span>\n\t\t\t\t<span class=\"wpr-toggle-icon wpr-ti-open\"><svg aria-hidden=\"true\" class=\"e-font-icon-svg e-fas-caret-up\" viewBox=\"0 0 320 512\" xmlns=\"http:\/\/www.w3.org\/2000\/svg\"><path d=\"M288.662 352H31.338c-17.818 0-26.741-21.543-14.142-34.142l128.662-128.662c7.81-7.81 20.474-7.81 28.284 0l128.662 128.662c12.6 12.599 3.676 34.142-14.142 34.142z\"><\/path><\/svg><\/span>\n\t\t\t\t\t\t\t\t\t<\/button>\n\n\t\t\t\t\t\t<div class=\"wpr-acc-panel\">\n\t\t\t\t\t\t\t\t\t\t\t\t\t\t\t<div class=\"wpr-acc-panel-content\"><p>Cari men\u00fcs\u00fcnden \"Yeni Cari\" buttonuna t\u0131klayarak, kar\u015f\u0131n\u0131z gelen 3 a\u015famal\u0131 formu doldurup kayd\u0131n\u0131z\u0131 tamamlayabilirsiniz. Dilerseniz fatura olu\u015fturma ekran\u0131ndaki cari se\u00e7im b\u00f6l\u00fcm\u00fcnde yer alan, \"H\u0131zl\u0131 Cari Ekleme\" formunu da kullanabilirsiniz.<\/p><p>Muhtelif veya kimli\u011fi bilinmeyen cariler ile ilgili kay\u0131t a\u00e7man\u0131za gerek yoktur. \u015eirketiniz olu\u015fturuldu\u011fu anda varsay\u0131lan olarak bu cariler \u015firketinize tan\u0131mlanacakt\u0131r.<\/p><\/div>\n\t\t\t\t\t\t\t\t\t\t\t\t\t<\/div>\n                    <\/div>\n\n                \n\t\t\t\t\t<div class=\"wpr-accordion-item-wrap\">\n\t\t\t\t\t\t<button class=\"wpr-acc-button\">\n\t\t\t\t\t\t\t<span class=\"wpr-acc-item-title\">\n\t\t\t\t\t\t\t\t\t\t\t\t<span class=\"wpr-title-icon\">\n\t\t\t\t\t\t\t\t\t<\/span>\n\t\t\t\n\t\t\t\t\t\t\t\t<span class=\"wpr-acc-title-text\">Stok Kayd\u0131m\u0131 Nas\u0131l Olu\u015fturabilirim ?<\/span>\n\t\t\t\t\t\t\t<\/span>\n\t\t\t\t\t\t\t\t\t\t\t<span class=\"wpr-toggle-icon wpr-ti-close\"><svg aria-hidden=\"true\" class=\"e-font-icon-svg e-fas-caret-down\" viewBox=\"0 0 320 512\" xmlns=\"http:\/\/www.w3.org\/2000\/svg\"><path d=\"M31.3 192h257.3c17.8 0 26.7 21.5 14.1 34.1L174.1 354.8c-7.8 7.8-20.5 7.8-28.3 0L17.2 226.1C4.6 213.5 13.5 192 31.3 192z\"><\/path><\/svg><\/span>\n\t\t\t\t<span class=\"wpr-toggle-icon wpr-ti-open\"><svg aria-hidden=\"true\" class=\"e-font-icon-svg e-fas-caret-up\" viewBox=\"0 0 320 512\" xmlns=\"http:\/\/www.w3.org\/2000\/svg\"><path d=\"M288.662 352H31.338c-17.818 0-26.741-21.543-14.142-34.142l128.662-128.662c7.81-7.81 20.474-7.81 28.284 0l128.662 128.662c12.6 12.599 3.676 34.142-14.142 34.142z\"><\/path><\/svg><\/span>\n\t\t\t\t\t\t\t\t\t<\/button>\n\n\t\t\t\t\t\t<div class=\"wpr-acc-panel\">\n\t\t\t\t\t\t\t\t\t\t\t\t\t\t\t<div class=\"wpr-acc-panel-content\"><section id=\"faq_section\" class=\"row_am faq_section\"><div class=\"container\"><div class=\"faq_panel\"><div id=\"accordionExample\" class=\"accordion\"><div class=\"card aos-init aos-animate\" data-aos=\"fade-up\" data-aos-duration=\"1500\"><div id=\"collapseThree\" class=\"collapse show\" aria-labelledby=\"headingThree\" data-parent=\"#accordionExample\"><div class=\"card-body\"><p>Stok men\u00fcs\u00fcnden \"Yeni Stok\" buttonuna t\u0131klayarak, kar\u015f\u0131n\u0131z gelen formu doldurup kayd\u0131n\u0131z\u0131 tamamlayabilirsiniz.<\/p><\/div><\/div><\/div><\/div><\/div><\/div><\/section><\/div>\n\t\t\t\t\t\t\t\t\t\t\t\t\t<\/div>\n                    <\/div>\n\n                \n\t\t\t\t\t<div class=\"wpr-accordion-item-wrap\">\n\t\t\t\t\t\t<button class=\"wpr-acc-button\">\n\t\t\t\t\t\t\t<span class=\"wpr-acc-item-title\">\n\t\t\t\t\t\t\t\t\t\t\t\t<span class=\"wpr-title-icon\">\n\t\t\t\t\t\t\t\t\t<\/span>\n\t\t\t\n\t\t\t\t\t\t\t\t<span class=\"wpr-acc-title-text\">Entagrat\u00f6r Kayd\u0131m\u0131 Nas\u0131l Yapabilirim ?<\/span>\n\t\t\t\t\t\t\t<\/span>\n\t\t\t\t\t\t\t\t\t\t\t<span class=\"wpr-toggle-icon wpr-ti-close\"><svg aria-hidden=\"true\" class=\"e-font-icon-svg e-fas-caret-down\" viewBox=\"0 0 320 512\" xmlns=\"http:\/\/www.w3.org\/2000\/svg\"><path d=\"M31.3 192h257.3c17.8 0 26.7 21.5 14.1 34.1L174.1 354.8c-7.8 7.8-20.5 7.8-28.3 0L17.2 226.1C4.6 213.5 13.5 192 31.3 192z\"><\/path><\/svg><\/span>\n\t\t\t\t<span class=\"wpr-toggle-icon wpr-ti-open\"><svg aria-hidden=\"true\" class=\"e-font-icon-svg e-fas-caret-up\" viewBox=\"0 0 320 512\" xmlns=\"http:\/\/www.w3.org\/2000\/svg\"><path d=\"M288.662 352H31.338c-17.818 0-26.741-21.543-14.142-34.142l128.662-128.662c7.81-7.81 20.474-7.81 28.284 0l128.662 128.662c12.6 12.599 3.676 34.142-14.142 34.142z\"><\/path><\/svg><\/span>\n\t\t\t\t\t\t\t\t\t<\/button>\n\n\t\t\t\t\t\t<div class=\"wpr-acc-panel\">\n\t\t\t\t\t\t\t\t\t\t\t\t\t\t\t<div class=\"wpr-acc-panel-content\"><p>E-Fatura m\u00fckellefi de\u011filseniz, E-Fatura m\u00fckellefi olabilmek ve kay\u0131t s\u00fcrecinizi tamamlamak i\u00e7in gereken 4 ad\u0131m\u0131 tamamlamal\u0131s\u0131n\u0131z.<\/p><h6>1. Mali M\u00fch\u00fcr Kayd\u0131<\/h6><p>Mali m\u00fch\u00fcr, \u015firketinizin ka\u015fesini elektronik ortamda yasal olarak kullanman\u0131z\u0131 sa\u011flayan ara\u00e7t\u0131r. Mali m\u00fch\u00fcr, size ba\u015fvurunuzla birlikte USB ayg\u0131t\u0131 olarak verilir. Mali m\u00fch\u00fcr ba\u015fvurunuzu online olarak yaparsan\u0131z, USB size kargo ile g\u00f6nderilir. \u015eah\u0131s firmalar\u0131 mali m\u00fch\u00fcr yerine e-imza kullanabilir.<\/p><p><a href=\"https:\/\/mportal.kamusm.gov.tr\/bp\/edf.go\" target=\"_blank\" rel=\"noopener\">Mali M\u00fch\u00fcr ba\u015fvurusu i\u00e7in t\u0131klay\u0131n.<\/a><\/p><h6>2. G\u0130B Ba\u015fvurusu<\/h6><p>Mali m\u00fchr\u00fcn\u00fcz gelince, G\u0130B\u2019e e-Fatura kullan\u0131c\u0131s\u0131 olmak i\u00e7in resmi ba\u015fvuruda bulunman\u0131z gerekiyor. Bu ba\u015fvuru online olarak ger\u00e7ekle\u015ftiriliyor.<\/p><p><a href=\"https:\/\/portal.efatura.gov.tr\/efaturabasvuru\/\" target=\"_blank\" rel=\"noopener\">G\u0130B Canl\u0131 E-Faturaya ba\u015fvurmak i\u00e7in t\u0131klay\u0131n\u0131z.<\/a><\/p><h6>3. \u00d6zel Entegrat\u00f6r Onay ve Kay\u0131t S\u00fcreci<\/h6><p>Entegrat\u00f6r kay\u0131t s\u00fcreciniz tamamland\u0131ktan sonra, ek ba\u015fka bir i\u015flem yapmadan SysmondAX ile E-Fatura kesmeye ba\u015flayabileceksiniz.<\/p><\/div>\n\t\t\t\t\t\t\t\t\t\t\t\t\t<\/div>\n                    <\/div>\n\n                \n\t\t\t\t\t<div class=\"wpr-accordion-item-wrap\">\n\t\t\t\t\t\t<button class=\"wpr-acc-button\">\n\t\t\t\t\t\t\t<span class=\"wpr-acc-item-title\">\n\t\t\t\t\t\t\t\t\t\t\t\t<span class=\"wpr-title-icon\">\n\t\t\t\t\t<i aria-hidden=\"true\" class=\"far fa-edit\"><\/i>\t\t\t\t<\/span>\n\t\t\t\n\t\t\t\t\t\t\t\t<span class=\"wpr-acc-title-text\">Acc Item Title<\/span>\n\t\t\t\t\t\t\t<\/span>\n\t\t\t\t\t\t\t\t\t\t\t<span class=\"wpr-toggle-icon wpr-ti-close\"><svg aria-hidden=\"true\" class=\"e-font-icon-svg e-fas-caret-down\" viewBox=\"0 0 320 512\" xmlns=\"http:\/\/www.w3.org\/2000\/svg\"><path d=\"M31.3 192h257.3c17.8 0 26.7 21.5 14.1 34.1L174.1 354.8c-7.8 7.8-20.5 7.8-28.3 0L17.2 226.1C4.6 213.5 13.5 192 31.3 192z\"><\/path><\/svg><\/span>\n\t\t\t\t<span class=\"wpr-toggle-icon wpr-ti-open\"><svg aria-hidden=\"true\" class=\"e-font-icon-svg e-fas-caret-up\" viewBox=\"0 0 320 512\" xmlns=\"http:\/\/www.w3.org\/2000\/svg\"><path d=\"M288.662 352H31.338c-17.818 0-26.741-21.543-14.142-34.142l128.662-128.662c7.81-7.81 20.474-7.81 28.284 0l128.662 128.662c12.6 12.599 3.676 34.142-14.142 34.142z\"><\/path><\/svg><\/span>\n\t\t\t\t\t\t\t\t\t<\/button>\n\n\t\t\t\t\t\t<div class=\"wpr-acc-panel\">\n\t\t\t\t\t\t\t\t\t\t\t\t\t\t\t<div class=\"wpr-acc-panel-content\"><p>Nobis atque id hic neque possimus voluptatum voluptatibus tenetur, perspiciatis consequuntur. Lorem ipsum dolor sit amet, consectetur adipisicing elit. Minima incidunt voluptates nemo, dolor optio quia architecto quis delectus perspiciatis.<\/p><\/div>\n\t\t\t\t\t\t\t\t\t\t\t\t\t<\/div>\n                    <\/div>\n\n                \n\t\t\t\t\t<div class=\"wpr-accordion-item-wrap\">\n\t\t\t\t\t\t<button class=\"wpr-acc-button\">\n\t\t\t\t\t\t\t<span class=\"wpr-acc-item-title\">\n\t\t\t\t\t\t\t\t\t\t\t\t<span class=\"wpr-title-icon\">\n\t\t\t\t\t<i aria-hidden=\"true\" class=\"far fa-edit\"><\/i>\t\t\t\t<\/span>\n\t\t\t\n\t\t\t\t\t\t\t\t<span class=\"wpr-acc-title-text\">Acc Item Title<\/span>\n\t\t\t\t\t\t\t<\/span>\n\t\t\t\t\t\t\t\t\t\t\t<span class=\"wpr-toggle-icon wpr-ti-close\"><svg aria-hidden=\"true\" class=\"e-font-icon-svg e-fas-caret-down\" viewBox=\"0 0 320 512\" xmlns=\"http:\/\/www.w3.org\/2000\/svg\"><path d=\"M31.3 192h257.3c17.8 0 26.7 21.5 14.1 34.1L174.1 354.8c-7.8 7.8-20.5 7.8-28.3 0L17.2 226.1C4.6 213.5 13.5 192 31.3 192z\"><\/path><\/svg><\/span>\n\t\t\t\t<span class=\"wpr-toggle-icon wpr-ti-open\"><svg aria-hidden=\"true\" class=\"e-font-icon-svg e-fas-caret-up\" viewBox=\"0 0 320 512\" xmlns=\"http:\/\/www.w3.org\/2000\/svg\"><path d=\"M288.662 352H31.338c-17.818 0-26.741-21.543-14.142-34.142l128.662-128.662c7.81-7.81 20.474-7.81 28.284 0l128.662 128.662c12.6 12.599 3.676 34.142-14.142 34.142z\"><\/path><\/svg><\/span>\n\t\t\t\t\t\t\t\t\t<\/button>\n\n\t\t\t\t\t\t<div class=\"wpr-acc-panel\">\n\t\t\t\t\t\t\t\t\t\t\t\t\t\t\t<div class=\"wpr-acc-panel-content\"><p>Nobis atque id hic neque possimus voluptatum voluptatibus tenetur, perspiciatis consequuntur. Lorem ipsum dolor sit amet, consectetur adipisicing elit. Minima incidunt voluptates nemo, dolor optio quia architecto quis delectus perspiciatis.<\/p><\/div>\n\t\t\t\t\t\t\t\t\t\t\t\t\t<\/div>\n                    <\/div>\n\n                            <\/div>\n        \t\t\t\t<\/div>\n\t\t\t\t<\/div>\n\t\t\t\t\t<\/div>\n\t\t\t\t<\/div>\n\t\t\t\t<\/div>\n\t\t","protected":false},"excerpt":{"rendered":"<p>Vizyonumuz \u00dclkemizin enerjideki d\u0131\u015fa ba\u011f\u0131ml\u0131l\u0131\u011f\u0131n\u0131 azaltmak ,karbon sal\u0131m\u0131n\u0131 d\u00fc\u015f\u00fcrerek \u00e7evremizi daha ya\u015fanabilir k\u0131lmak. Cari Kayd\u0131m\u0131 Nas\u0131l Olu\u015fturabilirim ? Cari men\u00fcs\u00fcnden &#8220;Yeni Cari&#8221; buttonuna t\u0131klayarak, kar\u015f\u0131n\u0131z gelen 3 a\u015famal\u0131 formu doldurup kayd\u0131n\u0131z\u0131 tamamlayabilirsiniz. Dilerseniz fatura olu\u015fturma ekran\u0131ndaki cari se\u00e7im b\u00f6l\u00fcm\u00fcnde yer alan, &#8220;H\u0131zl\u0131 Cari Ekleme&#8221; formunu da kullanabilirsiniz. Muhtelif veya kimli\u011fi bilinmeyen cariler ile ilgili kay\u0131t a\u00e7man\u0131za gerek yoktur. \u015eirketiniz olu\u015fturuldu\u011fu anda varsay\u0131lan olarak bu cariler \u015firketinize tan\u0131mlanacakt\u0131r. Stok Kayd\u0131m\u0131 Nas\u0131l Olu\u015fturabilirim ? Stok men\u00fcs\u00fcnden &#8220;Yeni Stok&#8221; buttonuna t\u0131klayarak, kar\u015f\u0131n\u0131z gelen formu doldurup kayd\u0131n\u0131z\u0131 tamamlayabilirsiniz. Entagrat\u00f6r Kayd\u0131m\u0131 Nas\u0131l Yapabilirim ? E-Fatura m\u00fckellefi de\u011filseniz, E-Fatura m\u00fckellefi olabilmek ve kay\u0131t s\u00fcrecinizi tamamlamak i\u00e7in gereken 4 ad\u0131m\u0131 tamamlamal\u0131s\u0131n\u0131z. 1. Mali M\u00fch\u00fcr Kayd\u0131 Mali m\u00fch\u00fcr, \u015firketinizin ka\u015fesini elektronik ortamda yasal olarak kullanman\u0131z\u0131 sa\u011flayan ara\u00e7t\u0131r. Mali m\u00fch\u00fcr, size ba\u015fvurunuzla birlikte USB ayg\u0131t\u0131 olarak verilir. Mali m\u00fch\u00fcr ba\u015fvurunuzu online olarak yaparsan\u0131z, USB size kargo ile g\u00f6nderilir. \u015eah\u0131s firmalar\u0131 mali m\u00fch\u00fcr yerine e-imza kullanabilir. Mali M\u00fch\u00fcr ba\u015fvurusu i\u00e7in t\u0131klay\u0131n. 2. G\u0130B Ba\u015fvurusu Mali m\u00fchr\u00fcn\u00fcz gelince, G\u0130B\u2019e e-Fatura kullan\u0131c\u0131s\u0131 olmak i\u00e7in resmi ba\u015fvuruda bulunman\u0131z gerekiyor. Bu ba\u015fvuru online olarak ger\u00e7ekle\u015ftiriliyor. G\u0130B Canl\u0131 E-Faturaya ba\u015fvurmak i\u00e7in t\u0131klay\u0131n\u0131z. 3. \u00d6zel Entegrat\u00f6r Onay ve Kay\u0131t S\u00fcreci Entegrat\u00f6r kay\u0131t s\u00fcreciniz tamamland\u0131ktan sonra, ek ba\u015fka bir i\u015flem yapmadan SysmondAX ile E-Fatura kesmeye ba\u015flayabileceksiniz. Acc Item Title Nobis atque id hic neque possimus voluptatum voluptatibus tenetur, perspiciatis consequuntur. Lorem ipsum dolor sit amet, consectetur adipisicing elit. Minima incidunt voluptates nemo, dolor optio quia architecto quis delectus perspiciatis. Acc Item Title Nobis atque id hic neque possimus voluptatum voluptatibus tenetur, perspiciatis consequuntur. Lorem ipsum dolor sit amet, consectetur adipisicing elit. Minima incidunt voluptates nemo, dolor optio quia architecto quis delectus perspiciatis.<\/p>\n","protected":false},"author":1,"featured_media":0,"parent":0,"menu_order":0,"comment_status":"closed","ping_status":"closed","template":"elementor_canvas","meta":{"footnotes":""},"class_list":["post-2748","page","type-page","status-publish","hentry"],"_links":{"self":[{"href":"https:\/\/prosesakademi.net\/index.php?rest_route=\/wp\/v2\/pages\/2748","targetHints":{"allow":["GET"]}}],"collection":[{"href":"https:\/\/prosesakademi.net\/index.php?rest_route=\/wp\/v2\/pages"}],"about":[{"href":"https:\/\/prosesakademi.net\/index.php?rest_route=\/wp\/v2\/types\/page"}],"author":[{"embeddable":true,"href":"https:\/\/prosesakademi.net\/index.php?rest_route=\/wp\/v2\/users\/1"}],"replies":[{"embeddable":true,"href":"https:\/\/prosesakademi.net\/index.php?rest_route=%2Fwp%2Fv2%2Fcomments&post=2748"}],"version-history":[{"count":0,"href":"https:\/\/prosesakademi.net\/index.php?rest_route=\/wp\/v2\/pages\/2748\/revisions"}],"wp:attachment":[{"href":"https:\/\/prosesakademi.net\/index.php?rest_route=%2Fwp%2Fv2%2Fmedia&parent=2748"}],"curies":[{"name":"wp","href":"https:\/\/api.w.org\/{rel}","templated":true}]}}